{"id":39592,"date":"2024-09-26T10:54:21","date_gmt":"2024-09-26T10:54:21","guid":{"rendered":"https:\/\/zen-morse.176-96-136-90.plesk.page\/press\/"},"modified":"2024-09-26T10:54:21","modified_gmt":"2024-09-26T10:54:21","slug":"press","status":"publish","type":"page","link":"https:\/\/bethanien.de\/en\/press\/","title":{"rendered":"Press"},"content":{"rendered":"\t\t<div data-elementor-type=\"wp-page\" data-elementor-id=\"39592\" class=\"elementor elementor-39592 elementor-36669\" data-elementor-post-type=\"page\">\n\t\t\t\t<div class=\"elementor-element elementor-element-f8d7718 e-con-full dw_interactive_box e-flex e-con e-parent\" data-id=\"f8d7718\" data-element_type=\"container\" data-e-type=\"container\" data-settings=\"{&quot;jet_parallax_layout_list&quot;:[]}\">\n\t\t<div class=\"elementor-element elementor-element-4337b66 e-con-full elementor-hidden-mobile e-flex e-con e-child\" data-id=\"4337b66\" data-element_type=\"container\" data-e-type=\"container\" data-settings=\"{&quot;jet_parallax_layout_list&quot;:[]}\">\n\t\t\t\t<\/div>\n\t\t<div class=\"elementor-element elementor-element-1032743 e-con-full scroll-container e-flex e-con e-child\" data-id=\"1032743\" data-element_type=\"container\" data-e-type=\"container\" data-settings=\"{&quot;jet_parallax_layout_list&quot;:[]}\">\n\t\t\t\t<\/div>\n\t\t<div class=\"elementor-element elementor-element-4724c39 e-con-full align-right e-flex e-con e-child\" data-id=\"4724c39\" data-element_type=\"container\" data-e-type=\"container\" data-settings=\"{&quot;jet_parallax_layout_list&quot;:[]}\">\n\t\t\t\t<\/div>\n\t\t\t\t<\/div>\n\t\t<div class=\"elementor-element elementor-element-9b21ac3 e-con-full e-flex e-con e-parent\" data-id=\"9b21ac3\" data-element_type=\"container\" data-e-type=\"container\" data-settings=\"{&quot;jet_parallax_layout_list&quot;:[]}\">\n\t\t<div class=\"elementor-element elementor-element-4e4a75d e-con-full e-flex e-con e-child\" data-id=\"4e4a75d\" data-element_type=\"container\" data-e-type=\"container\" data-settings=\"{&quot;jet_parallax_layout_list&quot;:[]}\">\n\t\t\t\t<\/div>\n\t\t<div class=\"elementor-element elementor-element-9388dcc e-con-full e-flex e-con e-child\" data-id=\"9388dcc\" data-element_type=\"container\" data-e-type=\"container\" data-settings=\"{&quot;jet_parallax_layout_list&quot;:[]}\">\n\t\t\t\t<div class=\"elementor-element elementor-element-70b0db5 elementor-widget elementor-widget-text-editor\" data-id=\"70b0db5\" data-element_type=\"widget\" data-e-type=\"widget\" data-widget_type=\"text-editor.default\">\n\t\t\t\t<div class=\"elementor-widget-container\">\n\t\t\t\t\t\t\t\t\t<h3>Service<\/h3>\n<p>We are always happy to provide any information about the K\u00fcnstlerhaus, its artistic program, guests and publications. All our exhibition and press information is available in PDF format.<\/p>\n<p>Please enquire furthermore by telephone or email digitalised press pictures and additional information: presse@bethanien.de<a href=\"mailto:presse@bethanien.de\">mailto:presse@bethanien.de<\/a><\/p>\n\t\t\t\t\t\t\t\t<\/div>\n\t\t\t\t<\/div>\n\t\t\t\t<\/div>\n\t\t<div class=\"elementor-element elementor-element-d3c6699 e-con-full elementor-hidden-mobile e-flex e-con e-child\" data-id=\"d3c6699\" data-element_type=\"container\" data-e-type=\"container\" data-settings=\"{&quot;jet_parallax_layout_list&quot;:[]}\">\n\t\t\t\t<\/div>\n\t\t\t\t<\/div>\n\t\t\t\t<\/div>\n\t\t","protected":false},"excerpt":{"rendered":"<p>Service We are always happy to provide any information about the K\u00fcnstlerhaus, its artistic program, guests and publications. All our exhibition and press information is available in PDF format. Please enquire furthermore by telephone or email digitalised press pictures and additional information: presse@bethanien.demailto:presse@bethanien.de<\/p>\n","protected":false},"author":3,"featured_media":0,"parent":0,"menu_order":0,"comment_status":"closed","ping_status":"closed","template":"elementor_header_footer","meta":{"_acf_changed":false,"footnotes":""},"class_list":["post-39592","page","type-page","status-publish","hentry"],"acf":[],"yoast_head":"<!-- This site is optimized with the Yoast SEO plugin v27.3 - https:\/\/yoast.com\/product\/yoast-seo-wordpress\/ -->\n<title>Press - Bethanien<\/title>\n<meta name=\"robots\" content=\"index, follow, max-snippet:-1, max-image-preview:large, max-video-preview:-1\" \/>\n<link rel=\"canonical\" href=\"https:\/\/bethanien.de\/en\/press\/\" \/>\n<meta property=\"og:locale\" content=\"en_US\" \/>\n<meta property=\"og:type\" content=\"article\" \/>\n<meta property=\"og:title\" content=\"Press - Bethanien\" \/>\n<meta property=\"og:description\" content=\"Service We are always happy to provide any information about the K\u00fcnstlerhaus, its artistic program, guests and publications. All our exhibition and press information is available in PDF format. Please enquire furthermore by telephone or email digitalised press pictures and additional information: presse@bethanien.demailto:presse@bethanien.de\" \/>\n<meta property=\"og:url\" content=\"https:\/\/bethanien.de\/en\/press\/\" \/>\n<meta property=\"og:site_name\" content=\"Bethanien\" \/>\n<meta property=\"article:publisher\" content=\"https:\/\/www.facebook.com\/kuenstlerhausbethanien\" \/>\n<meta property=\"og:image\" content=\"https:\/\/bethanien.de\/wp-content\/uploads\/2022\/11\/cropped-Favicon_512x512.png\" \/>\n\t<meta property=\"og:image:width\" content=\"512\" \/>\n\t<meta property=\"og:image:height\" content=\"512\" \/>\n\t<meta property=\"og:image:type\" content=\"image\/png\" \/>\n<script type=\"application\/ld+json\" class=\"yoast-schema-graph\">{\"@context\":\"https:\\\/\\\/schema.org\",\"@graph\":[{\"@type\":\"WebPage\",\"@id\":\"https:\\\/\\\/bethanien.de\\\/en\\\/press\\\/\",\"url\":\"https:\\\/\\\/bethanien.de\\\/en\\\/press\\\/\",\"name\":\"Press - Bethanien\",\"isPartOf\":{\"@id\":\"https:\\\/\\\/bethanien.de\\\/#website\"},\"datePublished\":\"2024-09-26T10:54:21+00:00\",\"breadcrumb\":{\"@id\":\"https:\\\/\\\/bethanien.de\\\/en\\\/press\\\/#breadcrumb\"},\"inLanguage\":\"en-US\",\"potentialAction\":[{\"@type\":\"ReadAction\",\"target\":[\"https:\\\/\\\/bethanien.de\\\/en\\\/press\\\/\"]}]},{\"@type\":\"BreadcrumbList\",\"@id\":\"https:\\\/\\\/bethanien.de\\\/en\\\/press\\\/#breadcrumb\",\"itemListElement\":[{\"@type\":\"ListItem\",\"position\":1,\"name\":\"Startseite\",\"item\":\"https:\\\/\\\/bethanien.de\\\/en\\\/\"},{\"@type\":\"ListItem\",\"position\":2,\"name\":\"Press\"}]},{\"@type\":\"WebSite\",\"@id\":\"https:\\\/\\\/bethanien.de\\\/#website\",\"url\":\"https:\\\/\\\/bethanien.de\\\/\",\"name\":\"K\u00fcnstlerhaus Bethanien\",\"description\":\"Das K\u00fcnstlerhaus Bethanien bietet ein Netzwerk, das den internationalen Kulturaustausch st\u00e4rkt und Berlin als Zentrum der zeitgen\u00f6ssischen Kunst weiter etabliert.\",\"publisher\":{\"@id\":\"https:\\\/\\\/bethanien.de\\\/#organization\"},\"alternateName\":\"KB\",\"potentialAction\":[{\"@type\":\"SearchAction\",\"target\":{\"@type\":\"EntryPoint\",\"urlTemplate\":\"https:\\\/\\\/bethanien.de\\\/?s={search_term_string}\"},\"query-input\":{\"@type\":\"PropertyValueSpecification\",\"valueRequired\":true,\"valueName\":\"search_term_string\"}}],\"inLanguage\":\"en-US\"},{\"@type\":\"Organization\",\"@id\":\"https:\\\/\\\/bethanien.de\\\/#organization\",\"name\":\"K\u00fcnstlerhaus Bethanien\",\"url\":\"https:\\\/\\\/bethanien.de\\\/\",\"logo\":{\"@type\":\"ImageObject\",\"inLanguage\":\"en-US\",\"@id\":\"https:\\\/\\\/bethanien.de\\\/#\\\/schema\\\/logo\\\/image\\\/\",\"url\":\"https:\\\/\\\/bethanien.de\\\/wp-content\\\/uploads\\\/2022\\\/11\\\/cropped-Favicon_512x512.png\",\"contentUrl\":\"https:\\\/\\\/bethanien.de\\\/wp-content\\\/uploads\\\/2022\\\/11\\\/cropped-Favicon_512x512.png\",\"width\":512,\"height\":512,\"caption\":\"K\u00fcnstlerhaus Bethanien\"},\"image\":{\"@id\":\"https:\\\/\\\/bethanien.de\\\/#\\\/schema\\\/logo\\\/image\\\/\"},\"sameAs\":[\"https:\\\/\\\/www.facebook.com\\\/kuenstlerhausbethanien\",\"https:\\\/\\\/www.instagram.com\\\/kuenstlerhaus.bethanien\\\/\"]}]}<\/script>\n<!-- \/ Yoast SEO plugin. -->","yoast_head_json":{"title":"Press - Bethanien","robots":{"index":"index","follow":"follow","max-snippet":"max-snippet:-1","max-image-preview":"max-image-preview:large","max-video-preview":"max-video-preview:-1"},"canonical":"https:\/\/bethanien.de\/en\/press\/","og_locale":"en_US","og_type":"article","og_title":"Press - Bethanien","og_description":"Service We are always happy to provide any information about the K\u00fcnstlerhaus, its artistic program, guests and publications. All our exhibition and press information is available in PDF format. Please enquire furthermore by telephone or email digitalised press pictures and additional information: presse@bethanien.demailto:presse@bethanien.de","og_url":"https:\/\/bethanien.de\/en\/press\/","og_site_name":"Bethanien","article_publisher":"https:\/\/www.facebook.com\/kuenstlerhausbethanien","og_image":[{"width":512,"height":512,"url":"https:\/\/bethanien.de\/wp-content\/uploads\/2022\/11\/cropped-Favicon_512x512.png","type":"image\/png"}],"schema":{"@context":"https:\/\/schema.org","@graph":[{"@type":"WebPage","@id":"https:\/\/bethanien.de\/en\/press\/","url":"https:\/\/bethanien.de\/en\/press\/","name":"Press - Bethanien","isPartOf":{"@id":"https:\/\/bethanien.de\/#website"},"datePublished":"2024-09-26T10:54:21+00:00","breadcrumb":{"@id":"https:\/\/bethanien.de\/en\/press\/#breadcrumb"},"inLanguage":"en-US","potentialAction":[{"@type":"ReadAction","target":["https:\/\/bethanien.de\/en\/press\/"]}]},{"@type":"BreadcrumbList","@id":"https:\/\/bethanien.de\/en\/press\/#breadcrumb","itemListElement":[{"@type":"ListItem","position":1,"name":"Startseite","item":"https:\/\/bethanien.de\/en\/"},{"@type":"ListItem","position":2,"name":"Press"}]},{"@type":"WebSite","@id":"https:\/\/bethanien.de\/#website","url":"https:\/\/bethanien.de\/","name":"K\u00fcnstlerhaus Bethanien","description":"Das K\u00fcnstlerhaus Bethanien bietet ein Netzwerk, das den internationalen Kulturaustausch st\u00e4rkt und Berlin als Zentrum der zeitgen\u00f6ssischen Kunst weiter etabliert.","publisher":{"@id":"https:\/\/bethanien.de\/#organization"},"alternateName":"KB","potentialAction":[{"@type":"SearchAction","target":{"@type":"EntryPoint","urlTemplate":"https:\/\/bethanien.de\/?s={search_term_string}"},"query-input":{"@type":"PropertyValueSpecification","valueRequired":true,"valueName":"search_term_string"}}],"inLanguage":"en-US"},{"@type":"Organization","@id":"https:\/\/bethanien.de\/#organization","name":"K\u00fcnstlerhaus Bethanien","url":"https:\/\/bethanien.de\/","logo":{"@type":"ImageObject","inLanguage":"en-US","@id":"https:\/\/bethanien.de\/#\/schema\/logo\/image\/","url":"https:\/\/bethanien.de\/wp-content\/uploads\/2022\/11\/cropped-Favicon_512x512.png","contentUrl":"https:\/\/bethanien.de\/wp-content\/uploads\/2022\/11\/cropped-Favicon_512x512.png","width":512,"height":512,"caption":"K\u00fcnstlerhaus Bethanien"},"image":{"@id":"https:\/\/bethanien.de\/#\/schema\/logo\/image\/"},"sameAs":["https:\/\/www.facebook.com\/kuenstlerhausbethanien","https:\/\/www.instagram.com\/kuenstlerhaus.bethanien\/"]}]}},"_links":{"self":[{"href":"https:\/\/bethanien.de\/en\/wp-json\/wp\/v2\/pages\/39592","targetHints":{"allow":["GET"]}}],"collection":[{"href":"https:\/\/bethanien.de\/en\/wp-json\/wp\/v2\/pages"}],"about":[{"href":"https:\/\/bethanien.de\/en\/wp-json\/wp\/v2\/types\/page"}],"author":[{"embeddable":true,"href":"https:\/\/bethanien.de\/en\/wp-json\/wp\/v2\/users\/3"}],"replies":[{"embeddable":true,"href":"https:\/\/bethanien.de\/en\/wp-json\/wp\/v2\/comments?post=39592"}],"version-history":[{"count":1,"href":"https:\/\/bethanien.de\/en\/wp-json\/wp\/v2\/pages\/39592\/revisions"}],"predecessor-version":[{"id":39593,"href":"https:\/\/bethanien.de\/en\/wp-json\/wp\/v2\/pages\/39592\/revisions\/39593"}],"wp:attachment":[{"href":"https:\/\/bethanien.de\/en\/wp-json\/wp\/v2\/media?parent=39592"}],"curies":[{"name":"wp","href":"https:\/\/api.w.org\/{rel}","templated":true}]}}