{"id":39621,"date":"2024-06-12T08:42:30","date_gmt":"2024-06-12T08:42:30","guid":{"rendered":"https:\/\/zen-morse.176-96-136-90.plesk.page\/newsletter\/"},"modified":"2024-09-26T14:30:25","modified_gmt":"2024-09-26T14:30:25","slug":"newsletter","status":"publish","type":"page","link":"https:\/\/bethanien.de\/en\/newsletter\/","title":{"rendered":"Newsletter"},"content":{"rendered":"\t\t<div data-elementor-type=\"wp-page\" data-elementor-id=\"39621\" class=\"elementor elementor-39621 elementor-36670\" data-elementor-post-type=\"page\">\n\t\t\t\t<div class=\"elementor-element elementor-element-e19dd5a e-con-full dw_interactive_box e-flex e-con e-parent\" data-id=\"e19dd5a\" data-element_type=\"container\" data-e-type=\"container\" data-settings=\"{&quot;jet_parallax_layout_list&quot;:[]}\">\n\t\t<div class=\"elementor-element elementor-element-2d89dab e-con-full elementor-hidden-mobile e-flex e-con e-child\" data-id=\"2d89dab\" data-element_type=\"container\" data-e-type=\"container\" data-settings=\"{&quot;jet_parallax_layout_list&quot;:[]}\">\n\t\t\t\t<\/div>\n\t\t<div class=\"elementor-element elementor-element-1b7ccc0 e-con-full scroll-container e-flex e-con e-child\" data-id=\"1b7ccc0\" data-element_type=\"container\" data-e-type=\"container\" data-settings=\"{&quot;jet_parallax_layout_list&quot;:[]}\">\n\t\t\t\t<\/div>\n\t\t<div class=\"elementor-element elementor-element-315ccae e-con-full align-right e-flex e-con e-child\" data-id=\"315ccae\" data-element_type=\"container\" data-e-type=\"container\" data-settings=\"{&quot;jet_parallax_layout_list&quot;:[]}\">\n\t\t\t\t<\/div>\n\t\t\t\t<\/div>\n\t\t<div class=\"elementor-element elementor-element-b37021d e-con-full e-flex e-con e-parent\" data-id=\"b37021d\" data-element_type=\"container\" data-e-type=\"container\" data-settings=\"{&quot;jet_parallax_layout_list&quot;:[]}\">\n\t\t<div class=\"elementor-element elementor-element-1a5a21a e-con-full e-flex e-con e-child\" data-id=\"1a5a21a\" data-element_type=\"container\" data-e-type=\"container\" data-settings=\"{&quot;jet_parallax_layout_list&quot;:[]}\">\n\t\t\t\t<\/div>\n\t\t<div class=\"elementor-element elementor-element-39758e4 e-con-full e-flex e-con e-child\" data-id=\"39758e4\" data-element_type=\"container\" data-e-type=\"container\" data-settings=\"{&quot;jet_parallax_layout_list&quot;:[]}\">\n\t\t\t\t<div class=\"elementor-element elementor-element-cfa24f9 elementor-widget elementor-widget-text-editor\" data-id=\"cfa24f9\" data-element_type=\"widget\" data-e-type=\"widget\" data-widget_type=\"text-editor.default\">\n\t\t\t\t<div class=\"elementor-widget-container\">\n\t\t\t\t\t\t\t\t\t<p>By way of the \u201cNewsletter\u201d K\u00fcnstlerhaus Bethanien will keep you informed about upcoming exhibitions, openings, publications, and other events. If you wish to receive informations on the K\u00fcnstlerhaus Bethanien\u2019s activities please you can subscribe to the newsletter here. <\/p>\n<p>To unsubscribe from the K\u00fcnstlerhaus Bethanien \u201cNewsletter\u201d e-mail to presse@bethanien.de with subject: unscubsribe or use the link provided in the newsletter.<\/p>\n\t\t\t\t\t\t\t\t<\/div>\n\t\t\t\t<\/div>\n\t\t\t\t<\/div>\n\t\t<div class=\"elementor-element elementor-element-b405b1d e-con-full elementor-hidden-mobile e-flex e-con e-child\" data-id=\"b405b1d\" data-element_type=\"container\" data-e-type=\"container\" data-settings=\"{&quot;jet_parallax_layout_list&quot;:[]}\">\n\t\t\t\t<\/div>\n\t\t\t\t<\/div>\n\t\t<div class=\"elementor-element elementor-element-9bc882e e-con-full e-flex e-con e-parent\" data-id=\"9bc882e\" data-element_type=\"container\" data-e-type=\"container\" data-settings=\"{&quot;jet_parallax_layout_list&quot;:[]}\">\n\t\t\t\t<div class=\"elementor-element elementor-element-e200086 elementor-widget__width-initial elementor-button-align-start elementor-widget elementor-widget-form\" data-id=\"e200086\" data-element_type=\"widget\" data-e-type=\"widget\" data-settings=\"{&quot;step_next_label&quot;:&quot;next&quot;,&quot;step_previous_label&quot;:&quot;previous&quot;,&quot;button_width&quot;:&quot;100&quot;,&quot;step_type&quot;:&quot;number_text&quot;,&quot;step_icon_shape&quot;:&quot;circle&quot;}\" data-widget_type=\"form.default\">\n\t\t\t\t<div class=\"elementor-widget-container\">\n\t\t\t\t\t\t\t<form class=\"elementor-form\" method=\"post\" name=\"Neues Formular\" aria-label=\"Neues Formular\">\n\t\t\t<input type=\"hidden\" name=\"post_id\" value=\"39621\"\/>\n\t\t\t<input type=\"hidden\" name=\"form_id\" value=\"e200086\"\/>\n\t\t\t<input type=\"hidden\" name=\"referer_title\" value=\"Bethanien\" \/>\n\n\t\t\t\n\t\t\t<div class=\"elementor-form-fields-wrapper elementor-labels-\">\n\t\t\t\t\t\t\t\t<div class=\"elementor-field-type-text elementor-field-group elementor-column elementor-field-group-name elementor-col-100 elementor-field-required\">\n\t\t\t\t\t\t\t\t\t\t\t\t<label for=\"form-field-name\" class=\"elementor-field-label elementor-screen-only\">\n\t\t\t\t\t\t\t\tName\t\t\t\t\t\t\t<\/label>\n\t\t\t\t\t\t\t\t\t\t\t\t\t\t<input size=\"1\" type=\"text\" name=\"form_fields[name]\" id=\"form-field-name\" class=\"elementor-field elementor-size-sm  elementor-field-textual\" placeholder=\"Name\" required=\"required\">\n\t\t\t\t\t\t\t\t\t\t\t<\/div>\n\t\t\t\t\t\t\t\t<div class=\"elementor-field-type-email elementor-field-group elementor-column elementor-field-group-email elementor-col-100 elementor-field-required\">\n\t\t\t\t\t\t\t\t\t\t\t\t<label for=\"form-field-email\" class=\"elementor-field-label elementor-screen-only\">\n\t\t\t\t\t\t\t\tE-Mail\t\t\t\t\t\t\t<\/label>\n\t\t\t\t\t\t\t\t\t\t\t\t\t\t<input size=\"1\" type=\"email\" name=\"form_fields[email]\" id=\"form-field-email\" class=\"elementor-field elementor-size-sm  elementor-field-textual\" placeholder=\"E-Mail\" required=\"required\">\n\t\t\t\t\t\t\t\t\t\t\t<\/div>\n\t\t\t\t\t\t\t\t<div class=\"elementor-field-type-acceptance elementor-field-group elementor-column elementor-field-group-field_875c236 elementor-col-100 elementor-field-required\">\n\t\t\t\t\t\t\t<div class=\"elementor-field-subgroup\">\n\t\t\t<span class=\"elementor-field-option\">\n\t\t\t\t<input type=\"checkbox\" name=\"form_fields[field_875c236]\" id=\"form-field-field_875c236\" class=\"elementor-field elementor-size-sm  elementor-acceptance-field\" required=\"required\">\n\t\t\t\t<label for=\"form-field-field_875c236\">I have read the <a href=\"#\" style=\"font-size: 1em; padding-bottom: 0.3em; border-bottom: dotted 2px;\">privacy police<\/a> gelesen<\/label>\t\t\t<\/span>\n\t\t<\/div>\n\t\t\t\t\t\t<\/div>\n\t\t\t\t\t\t\t\t<div class=\"elementor-field-group elementor-column elementor-field-type-submit elementor-col-100 e-form__buttons\">\n\t\t\t\t\t<button class=\"elementor-button elementor-size-sm\" type=\"submit\">\n\t\t\t\t\t\t<span class=\"elementor-button-content-wrapper\">\n\t\t\t\t\t\t\t\t\t\t\t\t\t\t\t\t\t\t\t\t\t\t<span class=\"elementor-button-text\">Send<\/span>\n\t\t\t\t\t\t\t\t\t\t\t\t\t<\/span>\n\t\t\t\t\t<\/button>\n\t\t\t\t<\/div>\n\t\t\t<\/div>\n\t\t<\/form>\n\t\t\t\t\t\t<\/div>\n\t\t\t\t<\/div>\n\t\t\t\t<\/div>\n\t\t\t\t<\/div>\n\t\t","protected":false},"excerpt":{"rendered":"<p>By way of the \u201cNewsletter\u201d K\u00fcnstlerhaus Bethanien will keep you informed about upcoming exhibitions, openings, publications, and other events. If you wish to receive informations on the K\u00fcnstlerhaus Bethanien\u2019s activities please you can subscribe to the newsletter here. To unsubscribe from the K\u00fcnstlerhaus Bethanien \u201cNewsletter\u201d e-mail to presse@bethanien.de with subject: unscubsribe or use the link [&hellip;]<\/p>\n","protected":false},"author":3,"featured_media":0,"parent":0,"menu_order":0,"comment_status":"closed","ping_status":"closed","template":"","meta":{"_acf_changed":false,"footnotes":""},"class_list":["post-39621","page","type-page","status-publish","hentry"],"acf":[],"yoast_head":"<!-- This site is optimized with the Yoast SEO plugin v27.3 - https:\/\/yoast.com\/product\/yoast-seo-wordpress\/ -->\n<title>Newsletter - Bethanien<\/title>\n<meta name=\"robots\" content=\"index, follow, max-snippet:-1, max-image-preview:large, max-video-preview:-1\" \/>\n<link rel=\"canonical\" href=\"https:\/\/bethanien.de\/en\/newsletter\/\" \/>\n<meta property=\"og:locale\" content=\"en_US\" \/>\n<meta property=\"og:type\" content=\"article\" \/>\n<meta property=\"og:title\" content=\"Newsletter - Bethanien\" \/>\n<meta property=\"og:description\" content=\"By way of the \u201cNewsletter\u201d K\u00fcnstlerhaus Bethanien will keep you informed about upcoming exhibitions, openings, publications, and other events. If you wish to receive informations on the K\u00fcnstlerhaus Bethanien\u2019s activities please you can subscribe to the newsletter here. To unsubscribe from the K\u00fcnstlerhaus Bethanien \u201cNewsletter\u201d e-mail to presse@bethanien.de with subject: unscubsribe or use the link [&hellip;]\" \/>\n<meta property=\"og:url\" content=\"https:\/\/bethanien.de\/en\/newsletter\/\" \/>\n<meta property=\"og:site_name\" content=\"Bethanien\" \/>\n<meta property=\"article:publisher\" content=\"https:\/\/www.facebook.com\/kuenstlerhausbethanien\" \/>\n<meta property=\"article:modified_time\" content=\"2024-09-26T14:30:25+00:00\" \/>\n<meta property=\"og:image\" content=\"https:\/\/bethanien.de\/wp-content\/uploads\/2022\/11\/cropped-Favicon_512x512.png\" \/>\n\t<meta property=\"og:image:width\" content=\"512\" \/>\n\t<meta property=\"og:image:height\" content=\"512\" \/>\n\t<meta property=\"og:image:type\" content=\"image\/png\" \/>\n<script type=\"application\/ld+json\" class=\"yoast-schema-graph\">{\"@context\":\"https:\\\/\\\/schema.org\",\"@graph\":[{\"@type\":\"WebPage\",\"@id\":\"https:\\\/\\\/bethanien.de\\\/en\\\/newsletter\\\/\",\"url\":\"https:\\\/\\\/bethanien.de\\\/en\\\/newsletter\\\/\",\"name\":\"Newsletter - Bethanien\",\"isPartOf\":{\"@id\":\"https:\\\/\\\/bethanien.de\\\/#website\"},\"datePublished\":\"2024-06-12T08:42:30+00:00\",\"dateModified\":\"2024-09-26T14:30:25+00:00\",\"breadcrumb\":{\"@id\":\"https:\\\/\\\/bethanien.de\\\/en\\\/newsletter\\\/#breadcrumb\"},\"inLanguage\":\"en-US\",\"potentialAction\":[{\"@type\":\"ReadAction\",\"target\":[\"https:\\\/\\\/bethanien.de\\\/en\\\/newsletter\\\/\"]}]},{\"@type\":\"BreadcrumbList\",\"@id\":\"https:\\\/\\\/bethanien.de\\\/en\\\/newsletter\\\/#breadcrumb\",\"itemListElement\":[{\"@type\":\"ListItem\",\"position\":1,\"name\":\"Startseite\",\"item\":\"https:\\\/\\\/bethanien.de\\\/en\\\/\"},{\"@type\":\"ListItem\",\"position\":2,\"name\":\"Newsletter\"}]},{\"@type\":\"WebSite\",\"@id\":\"https:\\\/\\\/bethanien.de\\\/#website\",\"url\":\"https:\\\/\\\/bethanien.de\\\/\",\"name\":\"K\u00fcnstlerhaus Bethanien\",\"description\":\"Das K\u00fcnstlerhaus Bethanien bietet ein Netzwerk, das den internationalen Kulturaustausch st\u00e4rkt und Berlin als Zentrum der zeitgen\u00f6ssischen Kunst weiter etabliert.\",\"publisher\":{\"@id\":\"https:\\\/\\\/bethanien.de\\\/#organization\"},\"alternateName\":\"KB\",\"potentialAction\":[{\"@type\":\"SearchAction\",\"target\":{\"@type\":\"EntryPoint\",\"urlTemplate\":\"https:\\\/\\\/bethanien.de\\\/?s={search_term_string}\"},\"query-input\":{\"@type\":\"PropertyValueSpecification\",\"valueRequired\":true,\"valueName\":\"search_term_string\"}}],\"inLanguage\":\"en-US\"},{\"@type\":\"Organization\",\"@id\":\"https:\\\/\\\/bethanien.de\\\/#organization\",\"name\":\"K\u00fcnstlerhaus Bethanien\",\"url\":\"https:\\\/\\\/bethanien.de\\\/\",\"logo\":{\"@type\":\"ImageObject\",\"inLanguage\":\"en-US\",\"@id\":\"https:\\\/\\\/bethanien.de\\\/#\\\/schema\\\/logo\\\/image\\\/\",\"url\":\"https:\\\/\\\/bethanien.de\\\/wp-content\\\/uploads\\\/2022\\\/11\\\/cropped-Favicon_512x512.png\",\"contentUrl\":\"https:\\\/\\\/bethanien.de\\\/wp-content\\\/uploads\\\/2022\\\/11\\\/cropped-Favicon_512x512.png\",\"width\":512,\"height\":512,\"caption\":\"K\u00fcnstlerhaus Bethanien\"},\"image\":{\"@id\":\"https:\\\/\\\/bethanien.de\\\/#\\\/schema\\\/logo\\\/image\\\/\"},\"sameAs\":[\"https:\\\/\\\/www.facebook.com\\\/kuenstlerhausbethanien\",\"https:\\\/\\\/www.instagram.com\\\/kuenstlerhaus.bethanien\\\/\"]}]}<\/script>\n<!-- \/ Yoast SEO plugin. -->","yoast_head_json":{"title":"Newsletter - Bethanien","robots":{"index":"index","follow":"follow","max-snippet":"max-snippet:-1","max-image-preview":"max-image-preview:large","max-video-preview":"max-video-preview:-1"},"canonical":"https:\/\/bethanien.de\/en\/newsletter\/","og_locale":"en_US","og_type":"article","og_title":"Newsletter - Bethanien","og_description":"By way of the \u201cNewsletter\u201d K\u00fcnstlerhaus Bethanien will keep you informed about upcoming exhibitions, openings, publications, and other events. If you wish to receive informations on the K\u00fcnstlerhaus Bethanien\u2019s activities please you can subscribe to the newsletter here. To unsubscribe from the K\u00fcnstlerhaus Bethanien \u201cNewsletter\u201d e-mail to presse@bethanien.de with subject: unscubsribe or use the link [&hellip;]","og_url":"https:\/\/bethanien.de\/en\/newsletter\/","og_site_name":"Bethanien","article_publisher":"https:\/\/www.facebook.com\/kuenstlerhausbethanien","article_modified_time":"2024-09-26T14:30:25+00:00","og_image":[{"width":512,"height":512,"url":"https:\/\/bethanien.de\/wp-content\/uploads\/2022\/11\/cropped-Favicon_512x512.png","type":"image\/png"}],"schema":{"@context":"https:\/\/schema.org","@graph":[{"@type":"WebPage","@id":"https:\/\/bethanien.de\/en\/newsletter\/","url":"https:\/\/bethanien.de\/en\/newsletter\/","name":"Newsletter - Bethanien","isPartOf":{"@id":"https:\/\/bethanien.de\/#website"},"datePublished":"2024-06-12T08:42:30+00:00","dateModified":"2024-09-26T14:30:25+00:00","breadcrumb":{"@id":"https:\/\/bethanien.de\/en\/newsletter\/#breadcrumb"},"inLanguage":"en-US","potentialAction":[{"@type":"ReadAction","target":["https:\/\/bethanien.de\/en\/newsletter\/"]}]},{"@type":"BreadcrumbList","@id":"https:\/\/bethanien.de\/en\/newsletter\/#breadcrumb","itemListElement":[{"@type":"ListItem","position":1,"name":"Startseite","item":"https:\/\/bethanien.de\/en\/"},{"@type":"ListItem","position":2,"name":"Newsletter"}]},{"@type":"WebSite","@id":"https:\/\/bethanien.de\/#website","url":"https:\/\/bethanien.de\/","name":"K\u00fcnstlerhaus Bethanien","description":"Das K\u00fcnstlerhaus Bethanien bietet ein Netzwerk, das den internationalen Kulturaustausch st\u00e4rkt und Berlin als Zentrum der zeitgen\u00f6ssischen Kunst weiter etabliert.","publisher":{"@id":"https:\/\/bethanien.de\/#organization"},"alternateName":"KB","potentialAction":[{"@type":"SearchAction","target":{"@type":"EntryPoint","urlTemplate":"https:\/\/bethanien.de\/?s={search_term_string}"},"query-input":{"@type":"PropertyValueSpecification","valueRequired":true,"valueName":"search_term_string"}}],"inLanguage":"en-US"},{"@type":"Organization","@id":"https:\/\/bethanien.de\/#organization","name":"K\u00fcnstlerhaus Bethanien","url":"https:\/\/bethanien.de\/","logo":{"@type":"ImageObject","inLanguage":"en-US","@id":"https:\/\/bethanien.de\/#\/schema\/logo\/image\/","url":"https:\/\/bethanien.de\/wp-content\/uploads\/2022\/11\/cropped-Favicon_512x512.png","contentUrl":"https:\/\/bethanien.de\/wp-content\/uploads\/2022\/11\/cropped-Favicon_512x512.png","width":512,"height":512,"caption":"K\u00fcnstlerhaus Bethanien"},"image":{"@id":"https:\/\/bethanien.de\/#\/schema\/logo\/image\/"},"sameAs":["https:\/\/www.facebook.com\/kuenstlerhausbethanien","https:\/\/www.instagram.com\/kuenstlerhaus.bethanien\/"]}]}},"_links":{"self":[{"href":"https:\/\/bethanien.de\/en\/wp-json\/wp\/v2\/pages\/39621","targetHints":{"allow":["GET"]}}],"collection":[{"href":"https:\/\/bethanien.de\/en\/wp-json\/wp\/v2\/pages"}],"about":[{"href":"https:\/\/bethanien.de\/en\/wp-json\/wp\/v2\/types\/page"}],"author":[{"embeddable":true,"href":"https:\/\/bethanien.de\/en\/wp-json\/wp\/v2\/users\/3"}],"replies":[{"embeddable":true,"href":"https:\/\/bethanien.de\/en\/wp-json\/wp\/v2\/comments?post=39621"}],"version-history":[{"count":2,"href":"https:\/\/bethanien.de\/en\/wp-json\/wp\/v2\/pages\/39621\/revisions"}],"predecessor-version":[{"id":39627,"href":"https:\/\/bethanien.de\/en\/wp-json\/wp\/v2\/pages\/39621\/revisions\/39627"}],"wp:attachment":[{"href":"https:\/\/bethanien.de\/en\/wp-json\/wp\/v2\/media?parent=39621"}],"curies":[{"name":"wp","href":"https:\/\/api.w.org\/{rel}","templated":true}]}}