{"id":43244,"date":"2024-11-07T10:05:21","date_gmt":"2024-11-07T10:05:21","guid":{"rendered":"https:\/\/zen-morse.176-96-136-90.plesk.page\/search\/"},"modified":"2025-02-26T13:22:20","modified_gmt":"2025-02-26T13:22:20","slug":"search","status":"publish","type":"page","link":"https:\/\/bethanien.de\/en\/search\/","title":{"rendered":"Search"},"content":{"rendered":"\t\t<div data-elementor-type=\"wp-page\" data-elementor-id=\"43244\" class=\"elementor elementor-43244 elementor-43235\" data-elementor-post-type=\"page\">\n\t\t\t\t<div class=\"elementor-element elementor-element-7c62a97 e-flex e-con-boxed e-con e-parent\" data-id=\"7c62a97\" data-element_type=\"container\" data-e-type=\"container\" data-settings=\"{&quot;jet_parallax_layout_list&quot;:[]}\">\n\t\t\t\t\t<div class=\"e-con-inner\">\n\t\t\t\t<div class=\"elementor-element elementor-element-4a86601 elementor-widget elementor-widget-heading\" data-id=\"4a86601\" data-element_type=\"widget\" data-e-type=\"widget\" data-widget_type=\"heading.default\">\n\t\t\t\t<div class=\"elementor-widget-container\">\n\t\t\t\t\t<h1 class=\"elementor-heading-title elementor-size-default\">Search<\/h1>\t\t\t\t<\/div>\n\t\t\t\t<\/div>\n\t\t\t\t<div class=\"elementor-element elementor-element-7089a08 elementor-widget elementor-widget-jet-smart-filters-search\" data-id=\"7089a08\" data-element_type=\"widget\" data-e-type=\"widget\" data-widget_type=\"jet-smart-filters-search.default\">\n\t\t\t\t<div class=\"elementor-widget-container\">\n\t\t\t\t\t<div class=\"jet-smart-filters-search jet-filter\">\n<div\n\tclass=\"jet-search-filter\"\n\tdata-query-type=\"_s\" data-query-var=\"query\" data-smart-filter=\"search\" data-filter-id=\"36798\" data-apply-type=\"reload\" data-content-provider=\"jet-engine\" data-additional-providers=\"\" data-query-id=\"default\" data-active-label=\"\" data-layout-options=\"{&quot;show_label&quot;:&quot;&quot;,&quot;display_options&quot;:[]}\" data-query-var-suffix=\"search\">\n\t<div class=\"jet-search-filter__input-wrapper\">\n\t\t<input\n\t\t\tclass=\"jet-search-filter__input\"\n\t\t\ttype=\"search\"\n\t\t\tautocomplete=\"off\"\n\t\t\tname=\"query\"\n\t\t\tvalue=\"\"\n\t\t\tplaceholder=\"Search archive\"\n\t\t\taria-label=\"Search\"\n\t\t\t\t\t>\n\t\t\t<\/div>\n\n\t<\/div>\n<\/div>\t\t\t\t<\/div>\n\t\t\t\t<\/div>\n\t\t\t\t<div class=\"elementor-element elementor-element-069f9c7 elementor-widget elementor-widget-jet-smart-filters-range\" data-id=\"069f9c7\" data-element_type=\"widget\" data-e-type=\"widget\" data-widget_type=\"jet-smart-filters-range.default\">\n\t\t\t\t<div class=\"elementor-widget-container\">\n\t\t\t\t\t<div class=\"jet-smart-filters-range jet-filter \" data-indexer-rule=\"show\" data-show-counter=\"\" data-change-counter=\"always\"><div class=\"jet-range\" data-query-type=\"meta_query\" data-query-var=\"datum_suche\" data-smart-filter=\"range\" data-filter-id=\"36800\" data-apply-type=\"reload\" data-content-provider=\"jet-engine\" data-additional-providers=\"\" data-query-id=\"default\" data-active-label=\"\" data-layout-options=\"{&quot;show_label&quot;:&quot;&quot;,&quot;display_options&quot;:{&quot;show_items_label&quot;:false,&quot;show_decorator&quot;:false,&quot;filter_image_size&quot;:&quot;full&quot;,&quot;show_counter&quot;:false}}\" data-query-var-suffix=\"range\" data-apply-on=\"submit\" data-format=\"{&quot;decimal_num&quot;:0,&quot;decimal_sep&quot;:&quot;.&quot;,&quot;thousands_sep&quot;:&quot;&quot;}\">\n\t<fieldset class=\"jet-range__slider\">\n\t\t<legend style=\"display:none;\">\n\t\t\tRange - slider\t\t<\/legend>\n\t\t<div class=\"jet-range__slider__track\">\n\t\t\t<div class=\"jet-range__slider__track__range\"><\/div>\n\t\t<\/div>\n\t\t<input\n\t\t\ttype=\"range\"\n\t\t\tclass=\"jet-range__slider__input jet-range__slider__input--min\"\n\t\t\tstep=\"1\"\n\t\t\tmin=\"1974\"\n\t\t\tmax=\"2025\"\n\t\t\tvalue=\"1974\"\n\t\t\taria-label=\"Minimal value\"\n\t\t\t\t\t\/>\n\n\t\t<input\n\t\t\ttype=\"range\"\n\t\t\tclass=\"jet-range__slider__input jet-range__slider__input--max\"\n\t\t\tstep=\"1\"\n\t\t\tmin=\"1974\"\n\t\t\tmax=\"2025\"\n\t\t\tvalue=\"2025\"\n\t\t\taria-label=\"Maximum value\"\n\t\t\t\t\t\/>\n\t<\/fieldset>\n\t\t\t<div class=\"jet-range__values\">\n\t\t\t<span class=\"jet-range__values-prefix\"><\/span>\n\t\t\t<span class=\"jet-range__values-min\">\n\t\t\t\t1974\t\t\t<\/span>\n\t\t\t<span class=\"jet-range__values-suffix\"><\/span>\n\t\t\t\u2014\n\t\t\t<span class=\"jet-range__values-prefix\"><\/span>\n\t\t\t<span class=\"jet-range__values-max\">\n\t\t\t\t2025\t\t\t<\/span>\n\t\t\t<span class=\"jet-range__values-suffix\"><\/span>\n\t\t<\/div>\n\t<\/div>\n<\/div>\t\t\t\t<\/div>\n\t\t\t\t<\/div>\n\t\t\t\t<div class=\"elementor-element elementor-element-1a2eb8d elementor-widget elementor-widget-heading\" data-id=\"1a2eb8d\" data-element_type=\"widget\" data-e-type=\"widget\" data-widget_type=\"heading.default\">\n\t\t\t\t<div class=\"elementor-widget-container\">\n\t\t\t\t\t<h4 class=\"elementor-heading-title elementor-size-default\">NARROW SEARCH<\/h4>\t\t\t\t<\/div>\n\t\t\t\t<\/div>\n\t\t<div class=\"elementor-element elementor-element-6bc37ce e-grid e-con-full e-con e-child\" data-id=\"6bc37ce\" data-element_type=\"container\" data-e-type=\"container\" data-settings=\"{&quot;jet_parallax_layout_list&quot;:[]}\">\n\t\t\t\t<div class=\"elementor-element elementor-element-1a604cd elementor-widget elementor-widget-jet-smart-filters-checkboxes\" data-id=\"1a604cd\" data-element_type=\"widget\" data-e-type=\"widget\" data-widget_type=\"jet-smart-filters-checkboxes.default\">\n\t\t\t\t<div class=\"elementor-widget-container\">\n\t\t\t\t\t<div class=\"jet-smart-filters-checkboxes jet-filter \" data-indexer-rule=\"show\" data-show-counter=\"\" data-change-counter=\"always\"><div class=\"jet-checkboxes-list\" data-query-type=\"plain_query\" data-query-var=\"post_type\" data-smart-filter=\"checkboxes\" data-filter-id=\"43164\" data-apply-type=\"ajax\" data-content-provider=\"jet-engine\" data-additional-providers=\"\" data-query-id=\"default\" data-active-label=\"\" data-layout-options=\"{&quot;show_label&quot;:&quot;&quot;,&quot;display_options&quot;:{&quot;show_items_label&quot;:false,&quot;show_decorator&quot;:&quot;yes&quot;,&quot;filter_image_size&quot;:&quot;full&quot;,&quot;show_counter&quot;:false}}\" data-query-var-suffix=\"\" data-apply-on=\"submit\">\n\t<fieldset class=\"jet-checkboxes-list-wrapper\"><legend style=\"display:none;\">Checkbox Posttypes<\/legend><div class=\"jet-checkboxes-list__row jet-filter-row\">\n\t\t<label\n\t\tclass=\"jet-checkboxes-list__item\"\n\t\t\t>\n\t\t<input\n\t\t\ttype=\"checkbox\"\n\t\t\tclass=\"jet-checkboxes-list__input\"\n\t\t\tname=\"post_type\"\n\t\t\tvalue=\"kb_exhibition\"\n\t\t\tdata-label=\"Exhibitions\"\n\t\t\t\t\t\taria-label=\"Exhibitions\"\n\t\t\t\t\t>\n\t\t<div class=\"jet-checkboxes-list__button\">\n\t\t\t\t\t\t\t<span class=\"jet-checkboxes-list__decorator\">\n\t\t\t\t\t<i class=\"jet-checkboxes-list__checked-icon\">\n\t\t\t\t\t\t<svg width=\"28\" height=\"28\" viewBox=\"0 0 28 28\" xmlns=\"http:\/\/www.w3.org\/2000\/svg\">\n\t<path d=\"M26.109 8.844c0 0.391-0.156 0.781-0.438 1.062l-13.438 13.438c-0.281 0.281-0.672 0.438-1.062 0.438s-0.781-0.156-1.062-0.438l-7.781-7.781c-0.281-0.281-0.438-0.672-0.438-1.062s0.156-0.781 0.438-1.062l2.125-2.125c0.281-0.281 0.672-0.438 1.062-0.438s0.781 0.156 1.062 0.438l4.594 4.609 10.25-10.266c0.281-0.281 0.672-0.438 1.062-0.438s0.781 0.156 1.062 0.438l2.125 2.125c0.281 0.281 0.438 0.672 0.438 1.062z\"><\/path>\n<\/svg>\n\t\t\t\t\t<\/i>\n\t\t\t\t<\/span>\n\t\t\t\t\t\t<span class=\"jet-checkboxes-list__label\">\n\t\t\t\tExhibitions\t\t\t<\/span>\n\t\t\t\t\t<\/div>\n\t<\/label>\n<\/div><div class=\"jet-checkboxes-list__row jet-filter-row\">\n\t\t<label\n\t\tclass=\"jet-checkboxes-list__item\"\n\t\t\t>\n\t\t<input\n\t\t\ttype=\"checkbox\"\n\t\t\tclass=\"jet-checkboxes-list__input\"\n\t\t\tname=\"post_type\"\n\t\t\tvalue=\"kb_artist\"\n\t\t\tdata-label=\"Artists\"\n\t\t\t\t\t\taria-label=\"Artists\"\n\t\t\t\t\t>\n\t\t<div class=\"jet-checkboxes-list__button\">\n\t\t\t\t\t\t\t<span class=\"jet-checkboxes-list__decorator\">\n\t\t\t\t\t<i class=\"jet-checkboxes-list__checked-icon\">\n\t\t\t\t\t\t<svg width=\"28\" height=\"28\" viewBox=\"0 0 28 28\" xmlns=\"http:\/\/www.w3.org\/2000\/svg\">\n\t<path d=\"M26.109 8.844c0 0.391-0.156 0.781-0.438 1.062l-13.438 13.438c-0.281 0.281-0.672 0.438-1.062 0.438s-0.781-0.156-1.062-0.438l-7.781-7.781c-0.281-0.281-0.438-0.672-0.438-1.062s0.156-0.781 0.438-1.062l2.125-2.125c0.281-0.281 0.672-0.438 1.062-0.438s0.781 0.156 1.062 0.438l4.594 4.609 10.25-10.266c0.281-0.281 0.672-0.438 1.062-0.438s0.781 0.156 1.062 0.438l2.125 2.125c0.281 0.281 0.438 0.672 0.438 1.062z\"><\/path>\n<\/svg>\n\t\t\t\t\t<\/i>\n\t\t\t\t<\/span>\n\t\t\t\t\t\t<span class=\"jet-checkboxes-list__label\">\n\t\t\t\tArtists\t\t\t<\/span>\n\t\t\t\t\t<\/div>\n\t<\/label>\n<\/div><div class=\"jet-checkboxes-list__row jet-filter-row\">\n\t\t<label\n\t\tclass=\"jet-checkboxes-list__item\"\n\t\t\t>\n\t\t<input\n\t\t\ttype=\"checkbox\"\n\t\t\tclass=\"jet-checkboxes-list__input\"\n\t\t\tname=\"post_type\"\n\t\t\tvalue=\"kb_publication\"\n\t\t\tdata-label=\"Publications\"\n\t\t\t\t\t\taria-label=\"Publications\"\n\t\t\t\t\t>\n\t\t<div class=\"jet-checkboxes-list__button\">\n\t\t\t\t\t\t\t<span class=\"jet-checkboxes-list__decorator\">\n\t\t\t\t\t<i class=\"jet-checkboxes-list__checked-icon\">\n\t\t\t\t\t\t<svg width=\"28\" height=\"28\" viewBox=\"0 0 28 28\" xmlns=\"http:\/\/www.w3.org\/2000\/svg\">\n\t<path d=\"M26.109 8.844c0 0.391-0.156 0.781-0.438 1.062l-13.438 13.438c-0.281 0.281-0.672 0.438-1.062 0.438s-0.781-0.156-1.062-0.438l-7.781-7.781c-0.281-0.281-0.438-0.672-0.438-1.062s0.156-0.781 0.438-1.062l2.125-2.125c0.281-0.281 0.672-0.438 1.062-0.438s0.781 0.156 1.062 0.438l4.594 4.609 10.25-10.266c0.281-0.281 0.672-0.438 1.062-0.438s0.781 0.156 1.062 0.438l2.125 2.125c0.281 0.281 0.438 0.672 0.438 1.062z\"><\/path>\n<\/svg>\n\t\t\t\t\t<\/i>\n\t\t\t\t<\/span>\n\t\t\t\t\t\t<span class=\"jet-checkboxes-list__label\">\n\t\t\t\tPublications\t\t\t<\/span>\n\t\t\t\t\t<\/div>\n\t<\/label>\n<\/div><div class=\"jet-checkboxes-list__row jet-filter-row\">\n\t\t<label\n\t\tclass=\"jet-checkboxes-list__item\"\n\t\t\t>\n\t\t<input\n\t\t\ttype=\"checkbox\"\n\t\t\tclass=\"jet-checkboxes-list__input\"\n\t\t\tname=\"post_type\"\n\t\t\tvalue=\"kb_event\"\n\t\t\tdata-label=\"Events\"\n\t\t\t\t\t\taria-label=\"Events\"\n\t\t\t\t\t>\n\t\t<div class=\"jet-checkboxes-list__button\">\n\t\t\t\t\t\t\t<span class=\"jet-checkboxes-list__decorator\">\n\t\t\t\t\t<i class=\"jet-checkboxes-list__checked-icon\">\n\t\t\t\t\t\t<svg width=\"28\" height=\"28\" viewBox=\"0 0 28 28\" xmlns=\"http:\/\/www.w3.org\/2000\/svg\">\n\t<path d=\"M26.109 8.844c0 0.391-0.156 0.781-0.438 1.062l-13.438 13.438c-0.281 0.281-0.672 0.438-1.062 0.438s-0.781-0.156-1.062-0.438l-7.781-7.781c-0.281-0.281-0.438-0.672-0.438-1.062s0.156-0.781 0.438-1.062l2.125-2.125c0.281-0.281 0.672-0.438 1.062-0.438s0.781 0.156 1.062 0.438l4.594 4.609 10.25-10.266c0.281-0.281 0.672-0.438 1.062-0.438s0.781 0.156 1.062 0.438l2.125 2.125c0.281 0.281 0.438 0.672 0.438 1.062z\"><\/path>\n<\/svg>\n\t\t\t\t\t<\/i>\n\t\t\t\t<\/span>\n\t\t\t\t\t\t<span class=\"jet-checkboxes-list__label\">\n\t\t\t\tEvents\t\t\t<\/span>\n\t\t\t\t\t<\/div>\n\t<\/label>\n<\/div><\/fieldset><\/div>\n<\/div>\t\t\t\t<\/div>\n\t\t\t\t<\/div>\n\t\t\t\t<div class=\"elementor-element elementor-element-19c39cd elementor-widget-tablet__width-inherit elementor-widget elementor-widget-jet-smart-filters-apply-button\" data-id=\"19c39cd\" data-element_type=\"widget\" data-e-type=\"widget\" data-widget_type=\"jet-smart-filters-apply-button.default\">\n\t\t\t\t<div class=\"elementor-widget-container\">\n\t\t\t\t\t<div class=\"jet-smart-filters-apply-button jet-filter\"><div class=\"apply-filters\"\n\t  data-content-provider=\"jet-engine\" data-query-id=\"default\" data-additional-providers=\"\" data-apply-type=\"ajax\" data-redirect=\"yes\" data-redirect-path=\"en\/search-results\/\">\n\t<button\n\t\ttype=\"button\"\n\t\tclass=\"apply-filters__button\"\n\t\t\t\t\t>\n\t\tStart search\t<\/button>\n<\/div><\/div>\t\t\t\t<\/div>\n\t\t\t\t<\/div>\n\t\t\t\t<\/div>\n\t\t\t\t\t<\/div>\n\t\t\t\t<\/div>\n\t\t\t\t<\/div>\n\t\t","protected":false},"excerpt":{"rendered":"<p>Search Range &#8211; slider 2012 \u2014 2025 NARROW SEARCH Checkbox Posttypes Ausstellungen K\u00fcnstler*innen Publikationen Veranstaltungen News Start search<\/p>\n","protected":false},"author":16,"featured_media":0,"parent":0,"menu_order":0,"comment_status":"closed","ping_status":"closed","template":"","meta":{"_acf_changed":false,"footnotes":""},"class_list":["post-43244","page","type-page","status-publish","hentry"],"acf":[],"yoast_head":"<!-- This site is optimized with the Yoast SEO plugin v27.3 - https:\/\/yoast.com\/product\/yoast-seo-wordpress\/ -->\n<title>Search - Bethanien<\/title>\n<meta name=\"robots\" content=\"index, follow, max-snippet:-1, max-image-preview:large, max-video-preview:-1\" \/>\n<link rel=\"canonical\" href=\"https:\/\/bethanien.de\/en\/search\/\" \/>\n<meta property=\"og:locale\" content=\"en_US\" \/>\n<meta property=\"og:type\" content=\"article\" \/>\n<meta property=\"og:title\" content=\"Search - Bethanien\" \/>\n<meta property=\"og:description\" content=\"Search Range &#8211; slider 2012 \u2014 2025 NARROW SEARCH Checkbox Posttypes Ausstellungen K\u00fcnstler*innen Publikationen Veranstaltungen News Start search\" \/>\n<meta property=\"og:url\" content=\"https:\/\/bethanien.de\/en\/search\/\" \/>\n<meta property=\"og:site_name\" content=\"Bethanien\" \/>\n<meta property=\"article:publisher\" content=\"https:\/\/www.facebook.com\/kuenstlerhausbethanien\" \/>\n<meta property=\"article:modified_time\" content=\"2025-02-26T13:22:20+00:00\" \/>\n<meta property=\"og:image\" content=\"https:\/\/bethanien.de\/wp-content\/uploads\/2022\/11\/cropped-Favicon_512x512.png\" \/>\n\t<meta property=\"og:image:width\" content=\"512\" \/>\n\t<meta property=\"og:image:height\" content=\"512\" \/>\n\t<meta property=\"og:image:type\" content=\"image\/png\" \/>\n<script type=\"application\/ld+json\" class=\"yoast-schema-graph\">{\"@context\":\"https:\\\/\\\/schema.org\",\"@graph\":[{\"@type\":\"WebPage\",\"@id\":\"https:\\\/\\\/bethanien.de\\\/en\\\/search\\\/\",\"url\":\"https:\\\/\\\/bethanien.de\\\/en\\\/search\\\/\",\"name\":\"Search - Bethanien\",\"isPartOf\":{\"@id\":\"https:\\\/\\\/bethanien.de\\\/#website\"},\"datePublished\":\"2024-11-07T10:05:21+00:00\",\"dateModified\":\"2025-02-26T13:22:20+00:00\",\"breadcrumb\":{\"@id\":\"https:\\\/\\\/bethanien.de\\\/en\\\/search\\\/#breadcrumb\"},\"inLanguage\":\"en-US\",\"potentialAction\":[{\"@type\":\"ReadAction\",\"target\":[\"https:\\\/\\\/bethanien.de\\\/en\\\/search\\\/\"]}]},{\"@type\":\"BreadcrumbList\",\"@id\":\"https:\\\/\\\/bethanien.de\\\/en\\\/search\\\/#breadcrumb\",\"itemListElement\":[{\"@type\":\"ListItem\",\"position\":1,\"name\":\"Startseite\",\"item\":\"https:\\\/\\\/bethanien.de\\\/en\\\/\"},{\"@type\":\"ListItem\",\"position\":2,\"name\":\"Search\"}]},{\"@type\":\"WebSite\",\"@id\":\"https:\\\/\\\/bethanien.de\\\/#website\",\"url\":\"https:\\\/\\\/bethanien.de\\\/\",\"name\":\"K\u00fcnstlerhaus Bethanien\",\"description\":\"Das K\u00fcnstlerhaus Bethanien bietet ein Netzwerk, das den internationalen Kulturaustausch st\u00e4rkt und Berlin als Zentrum der zeitgen\u00f6ssischen Kunst weiter etabliert.\",\"publisher\":{\"@id\":\"https:\\\/\\\/bethanien.de\\\/#organization\"},\"alternateName\":\"KB\",\"potentialAction\":[{\"@type\":\"SearchAction\",\"target\":{\"@type\":\"EntryPoint\",\"urlTemplate\":\"https:\\\/\\\/bethanien.de\\\/?s={search_term_string}\"},\"query-input\":{\"@type\":\"PropertyValueSpecification\",\"valueRequired\":true,\"valueName\":\"search_term_string\"}}],\"inLanguage\":\"en-US\"},{\"@type\":\"Organization\",\"@id\":\"https:\\\/\\\/bethanien.de\\\/#organization\",\"name\":\"K\u00fcnstlerhaus Bethanien\",\"url\":\"https:\\\/\\\/bethanien.de\\\/\",\"logo\":{\"@type\":\"ImageObject\",\"inLanguage\":\"en-US\",\"@id\":\"https:\\\/\\\/bethanien.de\\\/#\\\/schema\\\/logo\\\/image\\\/\",\"url\":\"https:\\\/\\\/bethanien.de\\\/wp-content\\\/uploads\\\/2022\\\/11\\\/cropped-Favicon_512x512.png\",\"contentUrl\":\"https:\\\/\\\/bethanien.de\\\/wp-content\\\/uploads\\\/2022\\\/11\\\/cropped-Favicon_512x512.png\",\"width\":512,\"height\":512,\"caption\":\"K\u00fcnstlerhaus Bethanien\"},\"image\":{\"@id\":\"https:\\\/\\\/bethanien.de\\\/#\\\/schema\\\/logo\\\/image\\\/\"},\"sameAs\":[\"https:\\\/\\\/www.facebook.com\\\/kuenstlerhausbethanien\",\"https:\\\/\\\/www.instagram.com\\\/kuenstlerhaus.bethanien\\\/\"]}]}<\/script>\n<!-- \/ Yoast SEO plugin. -->","yoast_head_json":{"title":"Search - Bethanien","robots":{"index":"index","follow":"follow","max-snippet":"max-snippet:-1","max-image-preview":"max-image-preview:large","max-video-preview":"max-video-preview:-1"},"canonical":"https:\/\/bethanien.de\/en\/search\/","og_locale":"en_US","og_type":"article","og_title":"Search - Bethanien","og_description":"Search Range &#8211; slider 2012 \u2014 2025 NARROW SEARCH Checkbox Posttypes Ausstellungen K\u00fcnstler*innen Publikationen Veranstaltungen News Start search","og_url":"https:\/\/bethanien.de\/en\/search\/","og_site_name":"Bethanien","article_publisher":"https:\/\/www.facebook.com\/kuenstlerhausbethanien","article_modified_time":"2025-02-26T13:22:20+00:00","og_image":[{"width":512,"height":512,"url":"https:\/\/bethanien.de\/wp-content\/uploads\/2022\/11\/cropped-Favicon_512x512.png","type":"image\/png"}],"schema":{"@context":"https:\/\/schema.org","@graph":[{"@type":"WebPage","@id":"https:\/\/bethanien.de\/en\/search\/","url":"https:\/\/bethanien.de\/en\/search\/","name":"Search - Bethanien","isPartOf":{"@id":"https:\/\/bethanien.de\/#website"},"datePublished":"2024-11-07T10:05:21+00:00","dateModified":"2025-02-26T13:22:20+00:00","breadcrumb":{"@id":"https:\/\/bethanien.de\/en\/search\/#breadcrumb"},"inLanguage":"en-US","potentialAction":[{"@type":"ReadAction","target":["https:\/\/bethanien.de\/en\/search\/"]}]},{"@type":"BreadcrumbList","@id":"https:\/\/bethanien.de\/en\/search\/#breadcrumb","itemListElement":[{"@type":"ListItem","position":1,"name":"Startseite","item":"https:\/\/bethanien.de\/en\/"},{"@type":"ListItem","position":2,"name":"Search"}]},{"@type":"WebSite","@id":"https:\/\/bethanien.de\/#website","url":"https:\/\/bethanien.de\/","name":"K\u00fcnstlerhaus Bethanien","description":"Das K\u00fcnstlerhaus Bethanien bietet ein Netzwerk, das den internationalen Kulturaustausch st\u00e4rkt und Berlin als Zentrum der zeitgen\u00f6ssischen Kunst weiter etabliert.","publisher":{"@id":"https:\/\/bethanien.de\/#organization"},"alternateName":"KB","potentialAction":[{"@type":"SearchAction","target":{"@type":"EntryPoint","urlTemplate":"https:\/\/bethanien.de\/?s={search_term_string}"},"query-input":{"@type":"PropertyValueSpecification","valueRequired":true,"valueName":"search_term_string"}}],"inLanguage":"en-US"},{"@type":"Organization","@id":"https:\/\/bethanien.de\/#organization","name":"K\u00fcnstlerhaus Bethanien","url":"https:\/\/bethanien.de\/","logo":{"@type":"ImageObject","inLanguage":"en-US","@id":"https:\/\/bethanien.de\/#\/schema\/logo\/image\/","url":"https:\/\/bethanien.de\/wp-content\/uploads\/2022\/11\/cropped-Favicon_512x512.png","contentUrl":"https:\/\/bethanien.de\/wp-content\/uploads\/2022\/11\/cropped-Favicon_512x512.png","width":512,"height":512,"caption":"K\u00fcnstlerhaus Bethanien"},"image":{"@id":"https:\/\/bethanien.de\/#\/schema\/logo\/image\/"},"sameAs":["https:\/\/www.facebook.com\/kuenstlerhausbethanien","https:\/\/www.instagram.com\/kuenstlerhaus.bethanien\/"]}]}},"_links":{"self":[{"href":"https:\/\/bethanien.de\/en\/wp-json\/wp\/v2\/pages\/43244","targetHints":{"allow":["GET"]}}],"collection":[{"href":"https:\/\/bethanien.de\/en\/wp-json\/wp\/v2\/pages"}],"about":[{"href":"https:\/\/bethanien.de\/en\/wp-json\/wp\/v2\/types\/page"}],"author":[{"embeddable":true,"href":"https:\/\/bethanien.de\/en\/wp-json\/wp\/v2\/users\/16"}],"replies":[{"embeddable":true,"href":"https:\/\/bethanien.de\/en\/wp-json\/wp\/v2\/comments?post=43244"}],"version-history":[{"count":17,"href":"https:\/\/bethanien.de\/en\/wp-json\/wp\/v2\/pages\/43244\/revisions"}],"predecessor-version":[{"id":45460,"href":"https:\/\/bethanien.de\/en\/wp-json\/wp\/v2\/pages\/43244\/revisions\/45460"}],"wp:attachment":[{"href":"https:\/\/bethanien.de\/en\/wp-json\/wp\/v2\/media?parent=43244"}],"curies":[{"name":"wp","href":"https:\/\/api.w.org\/{rel}","templated":true}]}}