{"id":44278,"date":"2025-01-07T19:01:21","date_gmt":"2025-01-07T19:01:21","guid":{"rendered":"https:\/\/zen-morse.176-96-136-90.plesk.page\/visit\/"},"modified":"2025-04-24T14:21:55","modified_gmt":"2025-04-24T14:21:55","slug":"visit","status":"publish","type":"page","link":"https:\/\/bethanien.de\/en\/visit\/","title":{"rendered":"Visit"},"content":{"rendered":"\t\t<div data-elementor-type=\"wp-page\" data-elementor-id=\"44278\" class=\"elementor elementor-44278 elementor-43535\" data-elementor-post-type=\"page\">\n\t\t\t\t<div class=\"elementor-element elementor-element-e94ebf0 e-con-full dw_interactive_box e-flex e-con e-parent\" data-id=\"e94ebf0\" data-element_type=\"container\" data-e-type=\"container\" data-settings=\"{&quot;jet_parallax_layout_list&quot;:[]}\">\n\t\t\t\t<\/div>\n\t\t<div class=\"elementor-element elementor-element-8b3b3ae e-con-full e-flex e-con e-parent\" data-id=\"8b3b3ae\" data-element_type=\"container\" data-e-type=\"container\" data-settings=\"{&quot;jet_parallax_layout_list&quot;:[]}\">\n\t\t\t\t<div class=\"elementor-element elementor-element-692b1e2 elementor-widget elementor-widget-menu-anchor\" data-id=\"692b1e2\" data-element_type=\"widget\" data-e-type=\"widget\" data-widget_type=\"menu-anchor.default\">\n\t\t\t\t<div class=\"elementor-widget-container\">\n\t\t\t\t\t\t\t<div class=\"elementor-menu-anchor\" id=\"address\"><\/div>\n\t\t\t\t\t\t<\/div>\n\t\t\t\t<\/div>\n\t\t<div class=\"elementor-element elementor-element-4ea0059 e-con-full e-flex e-con e-child\" data-id=\"4ea0059\" data-element_type=\"container\" data-e-type=\"container\" data-settings=\"{&quot;jet_parallax_layout_list&quot;:[]}\">\n\t\t\t\t<div class=\"elementor-element elementor-element-f024464 elementor-widget elementor-widget-text-editor\" data-id=\"f024464\" data-element_type=\"widget\" data-e-type=\"widget\" data-widget_type=\"text-editor.default\">\n\t\t\t\t<div class=\"elementor-widget-container\">\n\t\t\t\t\t\t\t\t\t<h3>Showrooms<\/h3><p>Kottbusser Stra\u00dfe 10<br \/>10999 Berlin<\/p><p>FREE ADMISSION<\/p><h3>Opening hours<\/h3><p>Wed &#8211; Sun: 2 &#8211; 7 p.m.<br \/>During the exhibition periods<\/p><h3>Studios &amp; Office<\/h3><p>Kohlfurter Strasse 41-43<br \/>10999 Berlin<br \/>Access: &#8220;Lichtfabrik&#8221;, stairwell A\/green, 1st floor<\/p>\t\t\t\t\t\t\t\t<\/div>\n\t\t\t\t<\/div>\n\t\t\t\t<\/div>\n\t\t<div class=\"elementor-element elementor-element-d3ee88a e-con-full e-flex e-con e-child\" data-id=\"d3ee88a\" data-element_type=\"container\" data-e-type=\"container\" data-settings=\"{&quot;jet_parallax_layout_list&quot;:[]}\">\n\t\t\t\t<div class=\"elementor-element elementor-element-07c6db4 elementor-widget elementor-widget-text-editor\" data-id=\"07c6db4\" data-element_type=\"widget\" data-e-type=\"widget\" data-widget_type=\"text-editor.default\">\n\t\t\t\t<div class=\"elementor-widget-container\">\n\t\t\t\t\t\t\t\t\t<h3>Info &amp; queries<\/h3>\n<p>Tel: 030\/ 616 90 3 &#8211; 0<\/p>\n<\/p>\n<h3>Approach<\/h3>\n<p>U8 Sch\u00f6nleinstra\u00dfe<br \/>U1\/U3\/U8 Kottbusser Tor<\/p>\n<\/p>\n<h3>Parking<\/h3>\n<p>There are no parking zones in Kreuzberg, you can park without a parking ticket.<br \/>The K\u00fcnstlerhaus does not have its own parking spaces<\/p>\n\t\t\t\t\t\t\t\t<\/div>\n\t\t\t\t<\/div>\n\t\t\t\t<\/div>\n\t\t<div class=\"elementor-element elementor-element-153d9af e-con-full e-flex e-con e-child\" data-id=\"153d9af\" data-element_type=\"container\" data-e-type=\"container\" data-settings=\"{&quot;jet_parallax_layout_list&quot;:[]}\">\n\t\t\t\t<div class=\"elementor-element elementor-element-866d151 elementor-widget elementor-widget-image\" data-id=\"866d151\" data-element_type=\"widget\" data-e-type=\"widget\" data-widget_type=\"image.default\">\n\t\t\t\t<div class=\"elementor-widget-container\">\n\t\t\t\t\t\t\t\t\t\t\t\t\t\t\t<img loading=\"lazy\" decoding=\"async\" width=\"460\" height=\"642\" src=\"https:\/\/bethanien.de\/wp-content\/uploads\/2025\/01\/Bethanien_Anfahrt.jpg\" class=\"attachment-large size-large wp-image-43775\" alt=\"Map showing the location of Kunstraum Bethanien in Berlin. Highlights include major streets: Skalitzer Str., Reichenberger Str., Kottbusser Str., and others. Two entry points are marked for offices\/studios and showroom on the map.\" srcset=\"https:\/\/bethanien.de\/wp-content\/uploads\/2025\/01\/Bethanien_Anfahrt.jpg 460w, https:\/\/bethanien.de\/wp-content\/uploads\/2025\/01\/Bethanien_Anfahrt-215x300.jpg 215w\" sizes=\"auto, (max-width: 460px) 100vw, 460px\" \/>\t\t\t\t\t\t\t\t\t\t\t\t\t\t\t<\/div>\n\t\t\t\t<\/div>\n\t\t\t\t<\/div>\n\t\t\t\t<\/div>\n\t\t\t\t<\/div>\n\t\t","protected":false},"excerpt":{"rendered":"<p>Showrooms Kottbusser Stra\u00dfe 1010999 Berlin FREE ADMISSION Opening hours Wed &#8211; Sun: 2 &#8211; 7 p.m.During the exhibition periods Studios &amp; Office Kohlfurter Strasse 41-4310999 BerlinAccess: &#8220;Lichtfabrik&#8221;, stairwell A\/green, 1st floor Info &amp; queries Tel: 030\/ 616 90 3 &#8211; 0 Approach U8 Sch\u00f6nleinstra\u00dfeU1\/U3\/U8 Kottbusser Tor Parking There are no parking zones in Kreuzberg, you [&hellip;]<\/p>\n","protected":false},"author":3,"featured_media":0,"parent":0,"menu_order":0,"comment_status":"closed","ping_status":"closed","template":"elementor_header_footer","meta":{"_acf_changed":false,"footnotes":""},"class_list":["post-44278","page","type-page","status-publish","hentry"],"acf":[],"yoast_head":"<!-- This site is optimized with the Yoast SEO plugin v27.3 - https:\/\/yoast.com\/product\/yoast-seo-wordpress\/ -->\n<title>Visit - Bethanien<\/title>\n<meta name=\"robots\" content=\"index, follow, max-snippet:-1, max-image-preview:large, max-video-preview:-1\" \/>\n<link rel=\"canonical\" href=\"https:\/\/bethanien.de\/en\/visit\/\" \/>\n<meta property=\"og:locale\" content=\"en_US\" \/>\n<meta property=\"og:type\" content=\"article\" \/>\n<meta property=\"og:title\" content=\"Visit - Bethanien\" \/>\n<meta property=\"og:description\" content=\"Showrooms Kottbusser Stra\u00dfe 1010999 Berlin FREE ADMISSION Opening hours Wed &#8211; Sun: 2 &#8211; 7 p.m.During the exhibition periods Studios &amp; Office Kohlfurter Strasse 41-4310999 BerlinAccess: &#8220;Lichtfabrik&#8221;, stairwell A\/green, 1st floor Info &amp; queries Tel: 030\/ 616 90 3 &#8211; 0 Approach U8 Sch\u00f6nleinstra\u00dfeU1\/U3\/U8 Kottbusser Tor Parking There are no parking zones in Kreuzberg, you [&hellip;]\" \/>\n<meta property=\"og:url\" content=\"https:\/\/bethanien.de\/en\/visit\/\" \/>\n<meta property=\"og:site_name\" content=\"Bethanien\" \/>\n<meta property=\"article:publisher\" content=\"https:\/\/www.facebook.com\/kuenstlerhausbethanien\" \/>\n<meta property=\"article:modified_time\" content=\"2025-04-24T14:21:55+00:00\" \/>\n<meta property=\"og:image\" content=\"https:\/\/bethanien.de\/wp-content\/uploads\/2025\/01\/Bethanien_Anfahrt.jpg\" \/>\n\t<meta property=\"og:image:width\" content=\"460\" \/>\n\t<meta property=\"og:image:height\" content=\"642\" \/>\n\t<meta property=\"og:image:type\" content=\"image\/jpeg\" \/>\n<script type=\"application\/ld+json\" class=\"yoast-schema-graph\">{\"@context\":\"https:\\\/\\\/schema.org\",\"@graph\":[{\"@type\":\"WebPage\",\"@id\":\"https:\\\/\\\/bethanien.de\\\/en\\\/visit\\\/\",\"url\":\"https:\\\/\\\/bethanien.de\\\/en\\\/visit\\\/\",\"name\":\"Visit - Bethanien\",\"isPartOf\":{\"@id\":\"https:\\\/\\\/bethanien.de\\\/#website\"},\"primaryImageOfPage\":{\"@id\":\"https:\\\/\\\/bethanien.de\\\/en\\\/visit\\\/#primaryimage\"},\"image\":{\"@id\":\"https:\\\/\\\/bethanien.de\\\/en\\\/visit\\\/#primaryimage\"},\"thumbnailUrl\":\"https:\\\/\\\/bethanien.de\\\/wp-content\\\/uploads\\\/2025\\\/01\\\/Bethanien_Anfahrt.jpg\",\"datePublished\":\"2025-01-07T19:01:21+00:00\",\"dateModified\":\"2025-04-24T14:21:55+00:00\",\"breadcrumb\":{\"@id\":\"https:\\\/\\\/bethanien.de\\\/en\\\/visit\\\/#breadcrumb\"},\"inLanguage\":\"en-US\",\"potentialAction\":[{\"@type\":\"ReadAction\",\"target\":[\"https:\\\/\\\/bethanien.de\\\/en\\\/visit\\\/\"]}]},{\"@type\":\"ImageObject\",\"inLanguage\":\"en-US\",\"@id\":\"https:\\\/\\\/bethanien.de\\\/en\\\/visit\\\/#primaryimage\",\"url\":\"https:\\\/\\\/bethanien.de\\\/wp-content\\\/uploads\\\/2025\\\/01\\\/Bethanien_Anfahrt.jpg\",\"contentUrl\":\"https:\\\/\\\/bethanien.de\\\/wp-content\\\/uploads\\\/2025\\\/01\\\/Bethanien_Anfahrt.jpg\"},{\"@type\":\"BreadcrumbList\",\"@id\":\"https:\\\/\\\/bethanien.de\\\/en\\\/visit\\\/#breadcrumb\",\"itemListElement\":[{\"@type\":\"ListItem\",\"position\":1,\"name\":\"Startseite\",\"item\":\"https:\\\/\\\/bethanien.de\\\/en\\\/\"},{\"@type\":\"ListItem\",\"position\":2,\"name\":\"Visit\"}]},{\"@type\":\"WebSite\",\"@id\":\"https:\\\/\\\/bethanien.de\\\/#website\",\"url\":\"https:\\\/\\\/bethanien.de\\\/\",\"name\":\"K\u00fcnstlerhaus Bethanien\",\"description\":\"Das K\u00fcnstlerhaus Bethanien bietet ein Netzwerk, das den internationalen Kulturaustausch st\u00e4rkt und Berlin als Zentrum der zeitgen\u00f6ssischen Kunst weiter etabliert.\",\"publisher\":{\"@id\":\"https:\\\/\\\/bethanien.de\\\/#organization\"},\"alternateName\":\"KB\",\"potentialAction\":[{\"@type\":\"SearchAction\",\"target\":{\"@type\":\"EntryPoint\",\"urlTemplate\":\"https:\\\/\\\/bethanien.de\\\/?s={search_term_string}\"},\"query-input\":{\"@type\":\"PropertyValueSpecification\",\"valueRequired\":true,\"valueName\":\"search_term_string\"}}],\"inLanguage\":\"en-US\"},{\"@type\":\"Organization\",\"@id\":\"https:\\\/\\\/bethanien.de\\\/#organization\",\"name\":\"K\u00fcnstlerhaus Bethanien\",\"url\":\"https:\\\/\\\/bethanien.de\\\/\",\"logo\":{\"@type\":\"ImageObject\",\"inLanguage\":\"en-US\",\"@id\":\"https:\\\/\\\/bethanien.de\\\/#\\\/schema\\\/logo\\\/image\\\/\",\"url\":\"https:\\\/\\\/bethanien.de\\\/wp-content\\\/uploads\\\/2022\\\/11\\\/cropped-Favicon_512x512.png\",\"contentUrl\":\"https:\\\/\\\/bethanien.de\\\/wp-content\\\/uploads\\\/2022\\\/11\\\/cropped-Favicon_512x512.png\",\"width\":512,\"height\":512,\"caption\":\"K\u00fcnstlerhaus Bethanien\"},\"image\":{\"@id\":\"https:\\\/\\\/bethanien.de\\\/#\\\/schema\\\/logo\\\/image\\\/\"},\"sameAs\":[\"https:\\\/\\\/www.facebook.com\\\/kuenstlerhausbethanien\",\"https:\\\/\\\/www.instagram.com\\\/kuenstlerhaus.bethanien\\\/\"]}]}<\/script>\n<!-- \/ Yoast SEO plugin. -->","yoast_head_json":{"title":"Visit - Bethanien","robots":{"index":"index","follow":"follow","max-snippet":"max-snippet:-1","max-image-preview":"max-image-preview:large","max-video-preview":"max-video-preview:-1"},"canonical":"https:\/\/bethanien.de\/en\/visit\/","og_locale":"en_US","og_type":"article","og_title":"Visit - Bethanien","og_description":"Showrooms Kottbusser Stra\u00dfe 1010999 Berlin FREE ADMISSION Opening hours Wed &#8211; Sun: 2 &#8211; 7 p.m.During the exhibition periods Studios &amp; Office Kohlfurter Strasse 41-4310999 BerlinAccess: &#8220;Lichtfabrik&#8221;, stairwell A\/green, 1st floor Info &amp; queries Tel: 030\/ 616 90 3 &#8211; 0 Approach U8 Sch\u00f6nleinstra\u00dfeU1\/U3\/U8 Kottbusser Tor Parking There are no parking zones in Kreuzberg, you [&hellip;]","og_url":"https:\/\/bethanien.de\/en\/visit\/","og_site_name":"Bethanien","article_publisher":"https:\/\/www.facebook.com\/kuenstlerhausbethanien","article_modified_time":"2025-04-24T14:21:55+00:00","og_image":[{"width":460,"height":642,"url":"https:\/\/bethanien.de\/wp-content\/uploads\/2025\/01\/Bethanien_Anfahrt.jpg","type":"image\/jpeg"}],"schema":{"@context":"https:\/\/schema.org","@graph":[{"@type":"WebPage","@id":"https:\/\/bethanien.de\/en\/visit\/","url":"https:\/\/bethanien.de\/en\/visit\/","name":"Visit - Bethanien","isPartOf":{"@id":"https:\/\/bethanien.de\/#website"},"primaryImageOfPage":{"@id":"https:\/\/bethanien.de\/en\/visit\/#primaryimage"},"image":{"@id":"https:\/\/bethanien.de\/en\/visit\/#primaryimage"},"thumbnailUrl":"https:\/\/bethanien.de\/wp-content\/uploads\/2025\/01\/Bethanien_Anfahrt.jpg","datePublished":"2025-01-07T19:01:21+00:00","dateModified":"2025-04-24T14:21:55+00:00","breadcrumb":{"@id":"https:\/\/bethanien.de\/en\/visit\/#breadcrumb"},"inLanguage":"en-US","potentialAction":[{"@type":"ReadAction","target":["https:\/\/bethanien.de\/en\/visit\/"]}]},{"@type":"ImageObject","inLanguage":"en-US","@id":"https:\/\/bethanien.de\/en\/visit\/#primaryimage","url":"https:\/\/bethanien.de\/wp-content\/uploads\/2025\/01\/Bethanien_Anfahrt.jpg","contentUrl":"https:\/\/bethanien.de\/wp-content\/uploads\/2025\/01\/Bethanien_Anfahrt.jpg"},{"@type":"BreadcrumbList","@id":"https:\/\/bethanien.de\/en\/visit\/#breadcrumb","itemListElement":[{"@type":"ListItem","position":1,"name":"Startseite","item":"https:\/\/bethanien.de\/en\/"},{"@type":"ListItem","position":2,"name":"Visit"}]},{"@type":"WebSite","@id":"https:\/\/bethanien.de\/#website","url":"https:\/\/bethanien.de\/","name":"K\u00fcnstlerhaus Bethanien","description":"Das K\u00fcnstlerhaus Bethanien bietet ein Netzwerk, das den internationalen Kulturaustausch st\u00e4rkt und Berlin als Zentrum der zeitgen\u00f6ssischen Kunst weiter etabliert.","publisher":{"@id":"https:\/\/bethanien.de\/#organization"},"alternateName":"KB","potentialAction":[{"@type":"SearchAction","target":{"@type":"EntryPoint","urlTemplate":"https:\/\/bethanien.de\/?s={search_term_string}"},"query-input":{"@type":"PropertyValueSpecification","valueRequired":true,"valueName":"search_term_string"}}],"inLanguage":"en-US"},{"@type":"Organization","@id":"https:\/\/bethanien.de\/#organization","name":"K\u00fcnstlerhaus Bethanien","url":"https:\/\/bethanien.de\/","logo":{"@type":"ImageObject","inLanguage":"en-US","@id":"https:\/\/bethanien.de\/#\/schema\/logo\/image\/","url":"https:\/\/bethanien.de\/wp-content\/uploads\/2022\/11\/cropped-Favicon_512x512.png","contentUrl":"https:\/\/bethanien.de\/wp-content\/uploads\/2022\/11\/cropped-Favicon_512x512.png","width":512,"height":512,"caption":"K\u00fcnstlerhaus Bethanien"},"image":{"@id":"https:\/\/bethanien.de\/#\/schema\/logo\/image\/"},"sameAs":["https:\/\/www.facebook.com\/kuenstlerhausbethanien","https:\/\/www.instagram.com\/kuenstlerhaus.bethanien\/"]}]}},"_links":{"self":[{"href":"https:\/\/bethanien.de\/en\/wp-json\/wp\/v2\/pages\/44278","targetHints":{"allow":["GET"]}}],"collection":[{"href":"https:\/\/bethanien.de\/en\/wp-json\/wp\/v2\/pages"}],"about":[{"href":"https:\/\/bethanien.de\/en\/wp-json\/wp\/v2\/types\/page"}],"author":[{"embeddable":true,"href":"https:\/\/bethanien.de\/en\/wp-json\/wp\/v2\/users\/3"}],"replies":[{"embeddable":true,"href":"https:\/\/bethanien.de\/en\/wp-json\/wp\/v2\/comments?post=44278"}],"version-history":[{"count":6,"href":"https:\/\/bethanien.de\/en\/wp-json\/wp\/v2\/pages\/44278\/revisions"}],"predecessor-version":[{"id":46123,"href":"https:\/\/bethanien.de\/en\/wp-json\/wp\/v2\/pages\/44278\/revisions\/46123"}],"wp:attachment":[{"href":"https:\/\/bethanien.de\/en\/wp-json\/wp\/v2\/media?parent=44278"}],"curies":[{"name":"wp","href":"https:\/\/api.w.org\/{rel}","templated":true}]}}