{"id":44300,"date":"2025-01-07T18:57:36","date_gmt":"2025-01-07T18:57:36","guid":{"rendered":"https:\/\/zen-morse.176-96-136-90.plesk.page\/facilities\/"},"modified":"2025-06-06T12:52:29","modified_gmt":"2025-06-06T12:52:29","slug":"facilities","status":"publish","type":"page","link":"https:\/\/bethanien.de\/en\/facilities\/","title":{"rendered":"Facilities"},"content":{"rendered":"\t\t<div data-elementor-type=\"wp-page\" data-elementor-id=\"44300\" class=\"elementor elementor-44300 elementor-43527\" data-elementor-post-type=\"page\">\n\t\t\t\t<div class=\"elementor-element elementor-element-3bcdb48 e-con-full dw_interactive_box e-flex e-con e-parent\" data-id=\"3bcdb48\" data-element_type=\"container\" data-e-type=\"container\" data-settings=\"{&quot;jet_parallax_layout_list&quot;:[]}\">\n\t\t\t\t<\/div>\n\t\t<div class=\"elementor-element elementor-element-cdb636b e-con-full e-flex e-con e-parent\" data-id=\"cdb636b\" data-element_type=\"container\" data-e-type=\"container\" data-settings=\"{&quot;jet_parallax_layout_list&quot;:[]}\">\n\t\t\t\t<div class=\"elementor-element elementor-element-241750e elementor-widget elementor-widget-menu-anchor\" data-id=\"241750e\" data-element_type=\"widget\" data-e-type=\"widget\" data-widget_type=\"menu-anchor.default\">\n\t\t\t\t<div class=\"elementor-widget-container\">\n\t\t\t\t\t\t\t<div class=\"elementor-menu-anchor\" id=\"1974\"><\/div>\n\t\t\t\t\t\t<\/div>\n\t\t\t\t<\/div>\n\t\t<div class=\"elementor-element elementor-element-b3cc1af e-con-full e-flex e-con e-child\" data-id=\"b3cc1af\" data-element_type=\"container\" data-e-type=\"container\" data-settings=\"{&quot;jet_parallax_layout_list&quot;:[]}\">\n\t\t\t\t<div class=\"elementor-element elementor-element-b668859 elementor-widget__width-inherit elementor-widget elementor-widget-image\" data-id=\"b668859\" data-element_type=\"widget\" data-e-type=\"widget\" data-widget_type=\"image.default\">\n\t\t\t\t<div class=\"elementor-widget-container\">\n\t\t\t\t\t\t\t\t\t\t\t\t\t\t\t<img loading=\"lazy\" decoding=\"async\" width=\"800\" height=\"533\" src=\"https:\/\/bethanien.de\/wp-content\/uploads\/2012\/04\/R\u00e4umlichkeiten_Foto_6_kl-1024x682.jpg\" class=\"attachment-large size-large wp-image-39879\" alt=\"\" srcset=\"https:\/\/bethanien.de\/wp-content\/uploads\/2012\/04\/R\u00e4umlichkeiten_Foto_6_kl-1024x682.jpg 1024w, https:\/\/bethanien.de\/wp-content\/uploads\/2012\/04\/R\u00e4umlichkeiten_Foto_6_kl-300x199.jpg 300w, https:\/\/bethanien.de\/wp-content\/uploads\/2012\/04\/R\u00e4umlichkeiten_Foto_6_kl-165x109.jpg 165w, https:\/\/bethanien.de\/wp-content\/uploads\/2012\/04\/R\u00e4umlichkeiten_Foto_6_kl-460x306.jpg 460w, https:\/\/bethanien.de\/wp-content\/uploads\/2012\/04\/R\u00e4umlichkeiten_Foto_6_kl-940x626.jpg 940w, https:\/\/bethanien.de\/wp-content\/uploads\/2012\/04\/R\u00e4umlichkeiten_Foto_6_kl.jpg 1181w\" sizes=\"auto, (max-width: 800px) 100vw, 800px\" \/>\t\t\t\t\t\t\t\t\t\t\t\t\t\t\t<\/div>\n\t\t\t\t<\/div>\n\t\t\t\t<div class=\"elementor-element elementor-element-847a406 bu elementor-widget elementor-widget-text-editor\" data-id=\"847a406\" data-element_type=\"widget\" data-e-type=\"widget\" data-widget_type=\"text-editor.default\">\n\t\t\t\t<div class=\"elementor-widget-container\">\n\t\t\t\t\t\t\t\t\t<p>photo: Georg Schroeder<\/p>\t\t\t\t\t\t\t\t<\/div>\n\t\t\t\t<\/div>\n\t\t\t\t<\/div>\n\t\t<div class=\"elementor-element elementor-element-d794795 e-con-full e-flex e-con e-child\" data-id=\"d794795\" data-element_type=\"container\" data-e-type=\"container\" data-settings=\"{&quot;jet_parallax_layout_list&quot;:[]}\">\n\t\t\t\t<div class=\"elementor-element elementor-element-9cfe282 elementor-widget elementor-widget-text-editor\" data-id=\"9cfe282\" data-element_type=\"widget\" data-e-type=\"widget\" data-widget_type=\"text-editor.default\">\n\t\t\t\t<div class=\"elementor-widget-container\">\n\t\t\t\t\t\t\t\t\t<h3>Exhibition space<\/h3><p>At K\u00fcnstlerhaus Bethanien, approximately 730 square meter (7,850 square feet) of exhibition space await discovery\u2014housed in the historic &#8220;Lichtfabrik&#8221; in the heart of Kreuzberg. Shaped by the building\u2019s rich history yet offering all the flexibility of a contemporary white cube, the spaces provide an inspiring setting for contemporary art and interdisciplinary projects. <\/p><p>With generous ceiling heights, white walls, durable industrial flooring, and a professional lighting system, the galleries offer ideal conditions for a wide variety of artistic practices. A freight elevator connects the floors, making the transport of artworks and installations easy and efficient. <\/p><p>The ground-floor galleries feature large storefront windows opening onto the vibrant Kottbusser Stra\u00dfe and are fully accessible. A second, light-filled gallery space is located on the first floor. Thanks to their flexible architecture, the spaces easily adapt to a broad range of exhibition formats\u2014from solo and group shows to large-scale installations and performative projects.  <\/p>\t\t\t\t\t\t\t\t<\/div>\n\t\t\t\t<\/div>\n\t\t\t\t<\/div>\n\t\t\t\t<\/div>\n\t\t<div class=\"elementor-element elementor-element-b149be4 e-con-full e-flex e-con e-parent\" data-id=\"b149be4\" data-element_type=\"container\" data-e-type=\"container\" data-settings=\"{&quot;jet_parallax_layout_list&quot;:[]}\">\n\t\t<div class=\"elementor-element elementor-element-aa7ff0e e-con-full e-flex e-con e-child\" data-id=\"aa7ff0e\" data-element_type=\"container\" data-e-type=\"container\" data-settings=\"{&quot;jet_parallax_layout_list&quot;:[]}\">\n\t\t\t\t<div class=\"elementor-element elementor-element-ffe889d elementor-widget elementor-widget-text-editor\" data-id=\"ffe889d\" data-element_type=\"widget\" data-e-type=\"widget\" data-widget_type=\"text-editor.default\">\n\t\t\t\t<div class=\"elementor-widget-container\">\n\t\t\t\t\t\t\t\t\t<h3>Studios<\/h3>\nK\u00fcnstlerhaus Bethanien offers 31 bright and spacious studios, accessible from Kohlfurter Stra\u00dfe. Ranging from 25 to 95 square meter (270 to 1,025 square feet), each studio features high ceilings, large windows, a small kitchenette with a sink, and Wi-Fi access. Shared restrooms, showers, and washing facilities are also available.  <\/p>\n\nThe studios provide ideal conditions for concentrated artistic work, the development of new ideas, and the realization of larger projects. Beyond offering individual workspaces, Bethanien fosters a vibrant, international community where professional exchange, spontaneous collaborations, and new inspirations are part of everyday life. Working at Bethanien means becoming part of a dynamic artistic environment\u2014one where independent practice and collective energy come together.   <\/p>\t\t\t\t\t\t\t\t<\/div>\n\t\t\t\t<\/div>\n\t\t\t\t<\/div>\n\t\t<div class=\"elementor-element elementor-element-df868b6 e-con-full e-flex e-con e-child\" data-id=\"df868b6\" data-element_type=\"container\" data-e-type=\"container\" data-settings=\"{&quot;jet_parallax_layout_list&quot;:[]}\">\n\t\t\t\t<div class=\"elementor-element elementor-element-efc6827 elementor-widget__width-inherit elementor-widget elementor-widget-image\" data-id=\"efc6827\" data-element_type=\"widget\" data-e-type=\"widget\" data-widget_type=\"image.default\">\n\t\t\t\t<div class=\"elementor-widget-container\">\n\t\t\t\t\t\t\t\t\t\t\t\t\t\t\t<img loading=\"lazy\" decoding=\"async\" width=\"800\" height=\"533\" src=\"https:\/\/bethanien.de\/wp-content\/uploads\/2012\/04\/R\u00e4umlichkeiten_01-BTH-002_Studios-Vietri_003_7849_kl-1024x682.jpg\" class=\"attachment-large size-large wp-image-39885\" alt=\"\" srcset=\"https:\/\/bethanien.de\/wp-content\/uploads\/2012\/04\/R\u00e4umlichkeiten_01-BTH-002_Studios-Vietri_003_7849_kl-1024x682.jpg 1024w, https:\/\/bethanien.de\/wp-content\/uploads\/2012\/04\/R\u00e4umlichkeiten_01-BTH-002_Studios-Vietri_003_7849_kl-300x199.jpg 300w, https:\/\/bethanien.de\/wp-content\/uploads\/2012\/04\/R\u00e4umlichkeiten_01-BTH-002_Studios-Vietri_003_7849_kl-165x109.jpg 165w, https:\/\/bethanien.de\/wp-content\/uploads\/2012\/04\/R\u00e4umlichkeiten_01-BTH-002_Studios-Vietri_003_7849_kl-460x306.jpg 460w, https:\/\/bethanien.de\/wp-content\/uploads\/2012\/04\/R\u00e4umlichkeiten_01-BTH-002_Studios-Vietri_003_7849_kl-940x626.jpg 940w, https:\/\/bethanien.de\/wp-content\/uploads\/2012\/04\/R\u00e4umlichkeiten_01-BTH-002_Studios-Vietri_003_7849_kl.jpg 1181w\" sizes=\"auto, (max-width: 800px) 100vw, 800px\" \/>\t\t\t\t\t\t\t\t\t\t\t\t\t\t\t<\/div>\n\t\t\t\t<\/div>\n\t\t\t\t<div class=\"elementor-element elementor-element-b992517 bu elementor-widget elementor-widget-text-editor\" data-id=\"b992517\" data-element_type=\"widget\" data-e-type=\"widget\" data-widget_type=\"text-editor.default\">\n\t\t\t\t<div class=\"elementor-widget-container\">\n\t\t\t\t\t\t\t\t\t<p>photo: Georg Schroeder<\/p>\t\t\t\t\t\t\t\t<\/div>\n\t\t\t\t<\/div>\n\t\t\t\t<\/div>\n\t\t\t\t<\/div>\n\t\t<div class=\"elementor-element elementor-element-6c28b46 e-con-full e-flex e-con e-parent\" data-id=\"6c28b46\" data-element_type=\"container\" data-e-type=\"container\" data-settings=\"{&quot;jet_parallax_layout_list&quot;:[]}\">\n\t\t\t\t<div class=\"elementor-element elementor-element-ea85f67 elementor-widget elementor-widget-menu-anchor\" data-id=\"ea85f67\" data-element_type=\"widget\" data-e-type=\"widget\" data-widget_type=\"menu-anchor.default\">\n\t\t\t\t<div class=\"elementor-widget-container\">\n\t\t\t\t\t\t\t<div class=\"elementor-menu-anchor\" id=\"1974\"><\/div>\n\t\t\t\t\t\t<\/div>\n\t\t\t\t<\/div>\n\t\t<div class=\"elementor-element elementor-element-2b249f5 e-con-full e-flex e-con e-child\" data-id=\"2b249f5\" data-element_type=\"container\" data-e-type=\"container\" data-settings=\"{&quot;jet_parallax_layout_list&quot;:[]}\">\n\t\t\t\t<div class=\"elementor-element elementor-element-6cad695 elementor-widget__width-inherit elementor-widget elementor-widget-image\" data-id=\"6cad695\" data-element_type=\"widget\" data-e-type=\"widget\" data-widget_type=\"image.default\">\n\t\t\t\t<div class=\"elementor-widget-container\">\n\t\t\t\t\t\t\t\t\t\t\t\t\t\t\t<img loading=\"lazy\" decoding=\"async\" width=\"800\" height=\"533\" src=\"https:\/\/bethanien.de\/wp-content\/uploads\/2012\/04\/R\u00e4umlichkeiten_Bibliothek_kl-1024x682.jpg\" class=\"attachment-large size-large wp-image-39887\" alt=\"\" srcset=\"https:\/\/bethanien.de\/wp-content\/uploads\/2012\/04\/R\u00e4umlichkeiten_Bibliothek_kl-1024x682.jpg 1024w, https:\/\/bethanien.de\/wp-content\/uploads\/2012\/04\/R\u00e4umlichkeiten_Bibliothek_kl-300x200.jpg 300w, https:\/\/bethanien.de\/wp-content\/uploads\/2012\/04\/R\u00e4umlichkeiten_Bibliothek_kl-165x110.jpg 165w, https:\/\/bethanien.de\/wp-content\/uploads\/2012\/04\/R\u00e4umlichkeiten_Bibliothek_kl-460x306.jpg 460w, https:\/\/bethanien.de\/wp-content\/uploads\/2012\/04\/R\u00e4umlichkeiten_Bibliothek_kl-940x626.jpg 940w, https:\/\/bethanien.de\/wp-content\/uploads\/2012\/04\/R\u00e4umlichkeiten_Bibliothek_kl.jpg 1860w\" sizes=\"auto, (max-width: 800px) 100vw, 800px\" \/>\t\t\t\t\t\t\t\t\t\t\t\t\t\t\t<\/div>\n\t\t\t\t<\/div>\n\t\t\t\t<div class=\"elementor-element elementor-element-a674b1c bu elementor-widget elementor-widget-text-editor\" data-id=\"a674b1c\" data-element_type=\"widget\" data-e-type=\"widget\" data-widget_type=\"text-editor.default\">\n\t\t\t\t<div class=\"elementor-widget-container\">\n\t\t\t\t\t\t\t\t\t<p>photo: Georg Schroeder<\/p>\t\t\t\t\t\t\t\t<\/div>\n\t\t\t\t<\/div>\n\t\t\t\t<\/div>\n\t\t<div class=\"elementor-element elementor-element-f42c987 e-con-full e-flex e-con e-child\" data-id=\"f42c987\" data-element_type=\"container\" data-e-type=\"container\" data-settings=\"{&quot;jet_parallax_layout_list&quot;:[]}\">\n\t\t\t\t<div class=\"elementor-element elementor-element-bf48b9d elementor-widget elementor-widget-text-editor\" data-id=\"bf48b9d\" data-element_type=\"widget\" data-e-type=\"widget\" data-widget_type=\"text-editor.default\">\n\t\t\t\t<div class=\"elementor-widget-container\">\n\t\t\t\t\t\t\t\t\t<h3>Library<\/h3><p>The library at K\u00fcnstlerhaus Bethanien is a special place for collection, research, and reflection. It holds over 5,000 books \u2013 from exhibition catalogs and artist publications to theoretical writings on contemporary art. The collection has grown steadily over decades through an international exchange of publications with museums, art associations, and cultural institutions. A digital register allows targeted searches by title, author, artist, or topic.   <\/p><p>The library is open not only to our resident artists but also welcomes anyone interested in art and its discourses. It invites browsing, discovery, rediscovery \u2013 and meaningful encounters. <\/p><p>As a multifunctional event space, the library is also equipped with sound and video technology and can accommodate up to 50 people (seated). It\u2019s well-suited for workshops, presentations, readings, or discursive formats. Whether as a quiet space for research or a vibrant venue for exchange, the library is an integral part of artistic life at Bethanien. <\/p>\t\t\t\t\t\t\t\t<\/div>\n\t\t\t\t<\/div>\n\t\t\t\t<\/div>\n\t\t\t\t<\/div>\n\t\t<div class=\"elementor-element elementor-element-09b1699 e-con-full e-flex e-con e-parent\" data-id=\"09b1699\" data-element_type=\"container\" data-e-type=\"container\" data-settings=\"{&quot;jet_parallax_layout_list&quot;:[]}\">\n\t\t<div class=\"elementor-element elementor-element-734c060 e-con-full e-flex e-con e-child\" data-id=\"734c060\" data-element_type=\"container\" data-e-type=\"container\" data-settings=\"{&quot;jet_parallax_layout_list&quot;:[]}\">\n\t\t\t\t<div class=\"elementor-element elementor-element-64eba83 elementor-widget elementor-widget-text-editor\" data-id=\"64eba83\" data-element_type=\"widget\" data-e-type=\"widget\" data-widget_type=\"text-editor.default\">\n\t\t\t\t<div class=\"elementor-widget-container\">\n\t\t\t\t\t\t\t\t\t<h3>Workshop<\/h3><p>K\u00fcnstlerhaus Bethanien has a spacious workshop in the basement that offers space for a wide variety of artistic and craft work. The focus is on woodworking in all its facets. With plenty of space for sculptural projects and larger productions, the workshop is a central location for the realization of practical ideas. Temporary storage of work and materials is also possible. A freight elevator ensures uncomplicated transport between the workshop, studios and exhibition rooms.    <\/p><p>After an individual introduction by our technical team, the spaces can be used independently during regular opening hours. In addition to their practical functionality, they offer a supportive environment for exchange, collaboration, and mutual assistance. <\/p>\t\t\t\t\t\t\t\t<\/div>\n\t\t\t\t<\/div>\n\t\t\t\t<\/div>\n\t\t<div class=\"elementor-element elementor-element-5b60f29 e-con-full e-flex e-con e-child\" data-id=\"5b60f29\" data-element_type=\"container\" data-e-type=\"container\" data-settings=\"{&quot;jet_parallax_layout_list&quot;:[]}\">\n\t\t\t\t<div class=\"elementor-element elementor-element-a3536b3 elementor-widget__width-inherit elementor-widget elementor-widget-image\" data-id=\"a3536b3\" data-element_type=\"widget\" data-e-type=\"widget\" data-widget_type=\"image.default\">\n\t\t\t\t<div class=\"elementor-widget-container\">\n\t\t\t\t\t\t\t\t\t\t\t\t\t\t\t<img loading=\"lazy\" decoding=\"async\" width=\"800\" height=\"533\" src=\"https:\/\/bethanien.de\/wp-content\/uploads\/2012\/04\/R\u00e4umlichkeiten_01-BTH-002_Werkstatt_002_9325_kl-1024x682.jpg\" class=\"attachment-large size-large wp-image-39886\" alt=\"\" srcset=\"https:\/\/bethanien.de\/wp-content\/uploads\/2012\/04\/R\u00e4umlichkeiten_01-BTH-002_Werkstatt_002_9325_kl-1024x682.jpg 1024w, https:\/\/bethanien.de\/wp-content\/uploads\/2012\/04\/R\u00e4umlichkeiten_01-BTH-002_Werkstatt_002_9325_kl-300x199.jpg 300w, https:\/\/bethanien.de\/wp-content\/uploads\/2012\/04\/R\u00e4umlichkeiten_01-BTH-002_Werkstatt_002_9325_kl-165x109.jpg 165w, https:\/\/bethanien.de\/wp-content\/uploads\/2012\/04\/R\u00e4umlichkeiten_01-BTH-002_Werkstatt_002_9325_kl-460x306.jpg 460w, https:\/\/bethanien.de\/wp-content\/uploads\/2012\/04\/R\u00e4umlichkeiten_01-BTH-002_Werkstatt_002_9325_kl-940x626.jpg 940w, https:\/\/bethanien.de\/wp-content\/uploads\/2012\/04\/R\u00e4umlichkeiten_01-BTH-002_Werkstatt_002_9325_kl.jpg 1181w\" sizes=\"auto, (max-width: 800px) 100vw, 800px\" \/>\t\t\t\t\t\t\t\t\t\t\t\t\t\t\t<\/div>\n\t\t\t\t<\/div>\n\t\t\t\t<div class=\"elementor-element elementor-element-34e7d59 bu elementor-widget elementor-widget-text-editor\" data-id=\"34e7d59\" data-element_type=\"widget\" data-e-type=\"widget\" data-widget_type=\"text-editor.default\">\n\t\t\t\t<div class=\"elementor-widget-container\">\n\t\t\t\t\t\t\t\t\t<p>photo: Georg Schroeder<\/p>\t\t\t\t\t\t\t\t<\/div>\n\t\t\t\t<\/div>\n\t\t\t\t<\/div>\n\t\t\t\t<\/div>\n\t\t\t\t<\/div>\n\t\t","protected":false},"excerpt":{"rendered":"<p>photo: Georg Schroeder Exhibition space At K\u00fcnstlerhaus Bethanien, approximately 730 square meter (7,850 square feet) of exhibition space await discovery\u2014housed in the historic &#8220;Lichtfabrik&#8221; in the heart of Kreuzberg. Shaped by the building\u2019s rich history yet offering all the flexibility of a contemporary white cube, the spaces provide an inspiring setting for contemporary art and [&hellip;]<\/p>\n","protected":false},"author":3,"featured_media":0,"parent":0,"menu_order":0,"comment_status":"closed","ping_status":"closed","template":"elementor_header_footer","meta":{"_acf_changed":false,"footnotes":""},"class_list":["post-44300","page","type-page","status-publish","hentry"],"acf":[],"yoast_head":"<!-- This site is optimized with the Yoast SEO plugin v27.3 - https:\/\/yoast.com\/product\/yoast-seo-wordpress\/ -->\n<title>Facilities - Bethanien<\/title>\n<meta name=\"robots\" content=\"index, follow, max-snippet:-1, max-image-preview:large, max-video-preview:-1\" \/>\n<link rel=\"canonical\" href=\"https:\/\/bethanien.de\/en\/facilities\/\" \/>\n<meta property=\"og:locale\" content=\"en_US\" \/>\n<meta property=\"og:type\" content=\"article\" \/>\n<meta property=\"og:title\" content=\"Facilities - Bethanien\" \/>\n<meta property=\"og:description\" content=\"photo: Georg Schroeder Exhibition space At K\u00fcnstlerhaus Bethanien, approximately 730 square meter (7,850 square feet) of exhibition space await discovery\u2014housed in the historic &#8220;Lichtfabrik&#8221; in the heart of Kreuzberg. Shaped by the building\u2019s rich history yet offering all the flexibility of a contemporary white cube, the spaces provide an inspiring setting for contemporary art and [&hellip;]\" \/>\n<meta property=\"og:url\" content=\"https:\/\/bethanien.de\/en\/facilities\/\" \/>\n<meta property=\"og:site_name\" content=\"Bethanien\" \/>\n<meta property=\"article:publisher\" content=\"https:\/\/www.facebook.com\/kuenstlerhausbethanien\" \/>\n<meta property=\"article:modified_time\" content=\"2025-06-06T12:52:29+00:00\" \/>\n<meta property=\"og:image\" content=\"https:\/\/bethanien.de\/wp-content\/uploads\/2022\/11\/cropped-Favicon_512x512.png\" \/>\n\t<meta property=\"og:image:width\" content=\"512\" \/>\n\t<meta property=\"og:image:height\" content=\"512\" \/>\n\t<meta property=\"og:image:type\" content=\"image\/png\" \/>\n<meta name=\"twitter:label1\" content=\"Est. reading time\" \/>\n\t<meta name=\"twitter:data1\" content=\"3 minutes\" \/>\n<script type=\"application\/ld+json\" class=\"yoast-schema-graph\">{\"@context\":\"https:\\\/\\\/schema.org\",\"@graph\":[{\"@type\":\"WebPage\",\"@id\":\"https:\\\/\\\/bethanien.de\\\/en\\\/facilities\\\/\",\"url\":\"https:\\\/\\\/bethanien.de\\\/en\\\/facilities\\\/\",\"name\":\"Facilities - Bethanien\",\"isPartOf\":{\"@id\":\"https:\\\/\\\/bethanien.de\\\/#website\"},\"datePublished\":\"2025-01-07T18:57:36+00:00\",\"dateModified\":\"2025-06-06T12:52:29+00:00\",\"breadcrumb\":{\"@id\":\"https:\\\/\\\/bethanien.de\\\/en\\\/facilities\\\/#breadcrumb\"},\"inLanguage\":\"en-US\",\"potentialAction\":[{\"@type\":\"ReadAction\",\"target\":[\"https:\\\/\\\/bethanien.de\\\/en\\\/facilities\\\/\"]}]},{\"@type\":\"BreadcrumbList\",\"@id\":\"https:\\\/\\\/bethanien.de\\\/en\\\/facilities\\\/#breadcrumb\",\"itemListElement\":[{\"@type\":\"ListItem\",\"position\":1,\"name\":\"Startseite\",\"item\":\"https:\\\/\\\/bethanien.de\\\/en\\\/\"},{\"@type\":\"ListItem\",\"position\":2,\"name\":\"Facilities\"}]},{\"@type\":\"WebSite\",\"@id\":\"https:\\\/\\\/bethanien.de\\\/#website\",\"url\":\"https:\\\/\\\/bethanien.de\\\/\",\"name\":\"K\u00fcnstlerhaus Bethanien\",\"description\":\"Das K\u00fcnstlerhaus Bethanien bietet ein Netzwerk, das den internationalen Kulturaustausch st\u00e4rkt und Berlin als Zentrum der zeitgen\u00f6ssischen Kunst weiter etabliert.\",\"publisher\":{\"@id\":\"https:\\\/\\\/bethanien.de\\\/#organization\"},\"alternateName\":\"KB\",\"potentialAction\":[{\"@type\":\"SearchAction\",\"target\":{\"@type\":\"EntryPoint\",\"urlTemplate\":\"https:\\\/\\\/bethanien.de\\\/?s={search_term_string}\"},\"query-input\":{\"@type\":\"PropertyValueSpecification\",\"valueRequired\":true,\"valueName\":\"search_term_string\"}}],\"inLanguage\":\"en-US\"},{\"@type\":\"Organization\",\"@id\":\"https:\\\/\\\/bethanien.de\\\/#organization\",\"name\":\"K\u00fcnstlerhaus Bethanien\",\"url\":\"https:\\\/\\\/bethanien.de\\\/\",\"logo\":{\"@type\":\"ImageObject\",\"inLanguage\":\"en-US\",\"@id\":\"https:\\\/\\\/bethanien.de\\\/#\\\/schema\\\/logo\\\/image\\\/\",\"url\":\"https:\\\/\\\/bethanien.de\\\/wp-content\\\/uploads\\\/2022\\\/11\\\/cropped-Favicon_512x512.png\",\"contentUrl\":\"https:\\\/\\\/bethanien.de\\\/wp-content\\\/uploads\\\/2022\\\/11\\\/cropped-Favicon_512x512.png\",\"width\":512,\"height\":512,\"caption\":\"K\u00fcnstlerhaus Bethanien\"},\"image\":{\"@id\":\"https:\\\/\\\/bethanien.de\\\/#\\\/schema\\\/logo\\\/image\\\/\"},\"sameAs\":[\"https:\\\/\\\/www.facebook.com\\\/kuenstlerhausbethanien\",\"https:\\\/\\\/www.instagram.com\\\/kuenstlerhaus.bethanien\\\/\"]}]}<\/script>\n<!-- \/ Yoast SEO plugin. -->","yoast_head_json":{"title":"Facilities - Bethanien","robots":{"index":"index","follow":"follow","max-snippet":"max-snippet:-1","max-image-preview":"max-image-preview:large","max-video-preview":"max-video-preview:-1"},"canonical":"https:\/\/bethanien.de\/en\/facilities\/","og_locale":"en_US","og_type":"article","og_title":"Facilities - Bethanien","og_description":"photo: Georg Schroeder Exhibition space At K\u00fcnstlerhaus Bethanien, approximately 730 square meter (7,850 square feet) of exhibition space await discovery\u2014housed in the historic &#8220;Lichtfabrik&#8221; in the heart of Kreuzberg. Shaped by the building\u2019s rich history yet offering all the flexibility of a contemporary white cube, the spaces provide an inspiring setting for contemporary art and [&hellip;]","og_url":"https:\/\/bethanien.de\/en\/facilities\/","og_site_name":"Bethanien","article_publisher":"https:\/\/www.facebook.com\/kuenstlerhausbethanien","article_modified_time":"2025-06-06T12:52:29+00:00","og_image":[{"width":512,"height":512,"url":"https:\/\/bethanien.de\/wp-content\/uploads\/2022\/11\/cropped-Favicon_512x512.png","type":"image\/png"}],"twitter_misc":{"Est. reading time":"3 minutes"},"schema":{"@context":"https:\/\/schema.org","@graph":[{"@type":"WebPage","@id":"https:\/\/bethanien.de\/en\/facilities\/","url":"https:\/\/bethanien.de\/en\/facilities\/","name":"Facilities - Bethanien","isPartOf":{"@id":"https:\/\/bethanien.de\/#website"},"datePublished":"2025-01-07T18:57:36+00:00","dateModified":"2025-06-06T12:52:29+00:00","breadcrumb":{"@id":"https:\/\/bethanien.de\/en\/facilities\/#breadcrumb"},"inLanguage":"en-US","potentialAction":[{"@type":"ReadAction","target":["https:\/\/bethanien.de\/en\/facilities\/"]}]},{"@type":"BreadcrumbList","@id":"https:\/\/bethanien.de\/en\/facilities\/#breadcrumb","itemListElement":[{"@type":"ListItem","position":1,"name":"Startseite","item":"https:\/\/bethanien.de\/en\/"},{"@type":"ListItem","position":2,"name":"Facilities"}]},{"@type":"WebSite","@id":"https:\/\/bethanien.de\/#website","url":"https:\/\/bethanien.de\/","name":"K\u00fcnstlerhaus Bethanien","description":"Das K\u00fcnstlerhaus Bethanien bietet ein Netzwerk, das den internationalen Kulturaustausch st\u00e4rkt und Berlin als Zentrum der zeitgen\u00f6ssischen Kunst weiter etabliert.","publisher":{"@id":"https:\/\/bethanien.de\/#organization"},"alternateName":"KB","potentialAction":[{"@type":"SearchAction","target":{"@type":"EntryPoint","urlTemplate":"https:\/\/bethanien.de\/?s={search_term_string}"},"query-input":{"@type":"PropertyValueSpecification","valueRequired":true,"valueName":"search_term_string"}}],"inLanguage":"en-US"},{"@type":"Organization","@id":"https:\/\/bethanien.de\/#organization","name":"K\u00fcnstlerhaus Bethanien","url":"https:\/\/bethanien.de\/","logo":{"@type":"ImageObject","inLanguage":"en-US","@id":"https:\/\/bethanien.de\/#\/schema\/logo\/image\/","url":"https:\/\/bethanien.de\/wp-content\/uploads\/2022\/11\/cropped-Favicon_512x512.png","contentUrl":"https:\/\/bethanien.de\/wp-content\/uploads\/2022\/11\/cropped-Favicon_512x512.png","width":512,"height":512,"caption":"K\u00fcnstlerhaus Bethanien"},"image":{"@id":"https:\/\/bethanien.de\/#\/schema\/logo\/image\/"},"sameAs":["https:\/\/www.facebook.com\/kuenstlerhausbethanien","https:\/\/www.instagram.com\/kuenstlerhaus.bethanien\/"]}]}},"_links":{"self":[{"href":"https:\/\/bethanien.de\/en\/wp-json\/wp\/v2\/pages\/44300","targetHints":{"allow":["GET"]}}],"collection":[{"href":"https:\/\/bethanien.de\/en\/wp-json\/wp\/v2\/pages"}],"about":[{"href":"https:\/\/bethanien.de\/en\/wp-json\/wp\/v2\/types\/page"}],"author":[{"embeddable":true,"href":"https:\/\/bethanien.de\/en\/wp-json\/wp\/v2\/users\/3"}],"replies":[{"embeddable":true,"href":"https:\/\/bethanien.de\/en\/wp-json\/wp\/v2\/comments?post=44300"}],"version-history":[{"count":13,"href":"https:\/\/bethanien.de\/en\/wp-json\/wp\/v2\/pages\/44300\/revisions"}],"predecessor-version":[{"id":46958,"href":"https:\/\/bethanien.de\/en\/wp-json\/wp\/v2\/pages\/44300\/revisions\/46958"}],"wp:attachment":[{"href":"https:\/\/bethanien.de\/en\/wp-json\/wp\/v2\/media?parent=44300"}],"curies":[{"name":"wp","href":"https:\/\/api.w.org\/{rel}","templated":true}]}}